{"id":5438,"date":"2020-04-24T10:00:21","date_gmt":"2020-04-24T10:00:21","guid":{"rendered":"https:\/\/www.facad.com\/wp\/?page_id=5438"},"modified":"2020-05-28T12:28:53","modified_gmt":"2020-05-28T12:28:53","slug":"checkout","status":"publish","type":"page","link":"https:\/\/www.facad.com\/wp\/checkout\/?lang=es","title":{"rendered":"Checkout"},"content":{"rendered":"[vc_row][vc_column][vc_column_text]<div id=\"edd_checkout_wrap\"><span class=\"edd_empty_cart\">Your cart is empty.<\/span><\/div><!--end #edd_checkout_wrap-->[\/vc_column_text][\/vc_column][\/vc_row][vc_row][vc_column]<a href=\"https:\/\/www.facad.com\/wp\/webshop\/?lang=es\" class=\"vcex-button theme-button inline\" style=\"background:#a0c089;font-size:13px;\" data-wpex-hover='{&quot;background&quot;:&quot;#4d7900&quot;}'><span class=\"vcex-button-inner theme-button-inner\">Tienda en l\u00ednea<\/span><\/a> [\/vc_column][\/vc_row][vc_toggle title=&#8221;T\u00e9rminos y condiciones para el abono a Facad WS&#8221;]\n<p><em><strong>El abono a Facad WS <\/strong><\/em>est\u00e1 limitado a una sola licencia de usuario fija. Contiene las mismas funciones que la versi\u00f3n de Facad <strong>Trazado solamente<\/strong>, salvo FCD-WS-Full-360, que contiene las mismas funciones que la versi\u00f3n completa de Facad. Una licencia de usuario fija es\u00a0 v\u00e1lida para un ordenador espec\u00edfico (PC); se recomienda utilizarla para un puesto de trabajo independiente\u00a0 o para un ordenador port\u00e1til individual.<\/p>\n<p>Una vez asignada la licencia a un PC espec\u00edfico no podr\u00e1 transferirse a otro PC durante el per\u00edodo de suscripci\u00f3n. Para transferir una licencia de usuario a otro PC, deber\u00e1 abonarse otro per\u00edodo de suscripci\u00f3n.<\/p>\n<p>Las actualizaciones del programa con respecto a las nuevas versiones est\u00e1n incluidas durante el per\u00edodo de suscripci\u00f3n.<\/p>\n<p>La licencia y la activaci\u00f3n de la instalaci\u00f3n del programa est\u00e1n incluidas. No incluye ning\u00fan otro tipo de asistencia t\u00e9cnica.<\/p>\n<p>No incluye formaciones. Recomendamos utilizar el manual del usuario, disponible en varios idiomas, dentro del programa.<\/p>\n<hr \/>\n<p>El programa Facad es desarrollado por Ilexis AB, una empresa establecida en Suecia.<\/p>\n<p>El programa Facad no puede ser copiado ni instalado en entornos inform\u00e1ticos diferentes a aquellos acordados con Ilexis AB.<\/p>\n<p>Ilexis AB no se hace responsable en caso de tratamientos incorrectos realizados sobre pacientes planificados con el programa Facad.<\/p>\n<p>La compra del programa Facad se efect\u00faa en Suecia. Por lo tanto, el producto est\u00e1 regido y construido de acuerdo con las leyes suecas.\u00a0 As\u00ed, Ilexis AB no podr\u00e1 considerarse responsable seg\u00fan las leyes y normativas de otros pa\u00edses.<\/p>\n[\/vc_toggle]\n","protected":false},"excerpt":{"rendered":"<p>[vc_row][vc_column][vc_column_text][\/vc_column_text][\/vc_column][\/vc_row][vc_row][vc_column][\/vc_column][\/vc_row][vc_toggle title=&#8221;T\u00e9rminos y condiciones para el abono a Facad WS&#8221;] El abono a Facad WS est\u00e1 limitado a una sola licencia de usuario fija. Contiene las mismas funciones que la versi\u00f3n de Facad Trazado solamente, salvo FCD-WS-Full-360, que contiene las mismas funciones que la versi\u00f3n completa de Facad. Una licencia de usuario fija es\u00a0 v\u00e1lida&hellip;<\/p>\n","protected":false},"author":1,"featured_media":0,"parent":0,"menu_order":0,"comment_status":"closed","ping_status":"closed","template":"","meta":{"footnotes":""},"class_list":["post-5438","page","type-page","status-publish","hentry","entry","no-media"],"_links":{"self":[{"href":"https:\/\/www.facad.com\/wp\/wp-json\/wp\/v2\/pages\/5438","targetHints":{"allow":["GET"]}}],"collection":[{"href":"https:\/\/www.facad.com\/wp\/wp-json\/wp\/v2\/pages"}],"about":[{"href":"https:\/\/www.facad.com\/wp\/wp-json\/wp\/v2\/types\/page"}],"author":[{"embeddable":true,"href":"https:\/\/www.facad.com\/wp\/wp-json\/wp\/v2\/users\/1"}],"replies":[{"embeddable":true,"href":"https:\/\/www.facad.com\/wp\/wp-json\/wp\/v2\/comments?post=5438"}],"version-history":[{"count":6,"href":"https:\/\/www.facad.com\/wp\/wp-json\/wp\/v2\/pages\/5438\/revisions"}],"predecessor-version":[{"id":5690,"href":"https:\/\/www.facad.com\/wp\/wp-json\/wp\/v2\/pages\/5438\/revisions\/5690"}],"wp:attachment":[{"href":"https:\/\/www.facad.com\/wp\/wp-json\/wp\/v2\/media?parent=5438"}],"curies":[{"name":"wp","href":"https:\/\/api.w.org\/{rel}","templated":true}]}}