{"id":403,"date":"2018-03-01T13:10:23","date_gmt":"2018-03-01T13:10:23","guid":{"rendered":"http:\/\/www.facad.com\/wp\/?page_id=403"},"modified":"2019-01-22T16:01:50","modified_gmt":"2019-01-22T16:01:50","slug":"analyses","status":"publish","type":"page","link":"https:\/\/www.facad.com\/wp\/analyses\/?lang=sv","title":{"rendered":"Analyser"},"content":{"rendered":"[vc_row visibility=&#8221;hidden-phone&#8221;][vc_column width=&#8221;1\/2&#8243;]<a href=\"http:\/\/www.facad.com\/wp\/tracing\/?lang=sv\" class=\"vcex-button theme-button clean align-left inline\" style=\"color:#4d7900;\"><span class=\"vcex-button-inner theme-button-inner\"><span class=\"vcex-button-icon vcex-icon-wrap theme-button-icon-left\"><span aria-hidden=\"true\" class=\"typcn typcn-arrow-left-thick\"><\/span><\/span>F\u00f6reg\u00e5ende<\/span><\/a> [\/vc_column][vc_column width=&#8221;1\/2&#8243;]<a href=\"http:\/\/www.facad.com\/wp\/frontal-pa-analyses\/?lang=sv\" class=\"vcex-button theme-button clean align-right inline\" style=\"color:#4d7900;\"><span class=\"vcex-button-inner theme-button-inner\">N\u00e4sta<span class=\"vcex-button-icon vcex-icon-wrap theme-button-icon-right\"><span aria-hidden=\"true\" class=\"typcn typcn-arrow-right-thick\"><\/span><\/span><\/span><\/a> [\/vc_column][\/vc_row][vc_row content_placement=&#8221;top&#8221;][vc_column width=&#8221;2\/3&#8243;][vc_column_text]\n<h1><strong>Kefalometriska analyser<\/strong><\/h1>\n<p>En samling utvalda kefalometriska m\u00e5tt kallas f\u00f6r en analys.<\/p>\n<p>Man kan v\u00e4lja den kefalometriska analys som ska ber\u00e4knas under p\u00e5g\u00e5ende tracing fr\u00e5n en lista av standard-analyser som levereras med Facad-programmet, eller fr\u00e5n en lista av egna, kundanpassade analyser.<\/p>\n<p>Valfri analys kan modifieras eller anpassas fullst\u00e4ndigt genom att anv\u00e4nda den inbyggda analys-redigeraren (d\u00e4r det finns ett stort urval m\u00e5tt, linjer och punkter i ett kefalometriskt bibliotek), eller genom att best\u00e4lla en kundanpassad analys av oss.<\/p>\n<div class=\"NORMAL\">\n<div class=\"normal\">\n<p>Den sagittala axeln kan l\u00e4tt omdefinieras s\u00e5 att egendefinierade m\u00e4tningar kan utf\u00f6ras.<\/p>\n<p>Man kan utf\u00f6ra kefalometriska analyser p\u00e5 laterala och frontala bilder, p\u00e5 panorama-r\u00f6ntgenbilder och (tv\u00e5dimensionella) bilder av gipsmodeller.<\/p>\n<div class=\"normal\">\n<h3><span class=\"rubrik\"><strong>Analysresultat<\/strong><\/span><\/h3>\n<p>Facad ber\u00e4knar automatiskt och korrekt de m\u00e4tv\u00e4rden (avst\u00e5nd och vinklar) som definieras av den valda analysen, och presenterar resultatet tillsammans med en symbolisk visning av v\u00e4rdenas avvikelser fr\u00e5n sina medelv\u00e4rden (normen).<\/p>\n<p>Norm-intervallet kan \u00e4ndras av anv\u00e4ndaren.<\/p>\n<p>V\u00e4rdena uppdateras automatiskt d\u00e5 man flyttar en punkt.<\/p>\n<p>&nbsp;<\/p>\n<\/div>\n<\/div>\n<\/div>\n[\/vc_column_text]<figure class=\"vcex-image vcex-module\"><div class=\"vcex-image-inner wpex-relative wpex-inline-block\"><img width=\"465\" height=\"287\" src=\"https:\/\/www.facad.com\/wp\/wp-content\/uploads\/2018\/03\/analysis-2.jpg\" class=\"vcex-image-img wpex-align-middle\" alt=\"\" loading=\"lazy\" decoding=\"async\" srcset=\"https:\/\/www.facad.com\/wp\/wp-content\/uploads\/2018\/03\/analysis-2.jpg 465w, https:\/\/www.facad.com\/wp\/wp-content\/uploads\/2018\/03\/analysis-2-300x185.jpg 300w\" sizes=\"auto, (max-width: 465px) 100vw, 465px\" \/><\/div><\/figure>[\/vc_column][vc_column width=&#8221;1\/3&#8243;]<figure class=\"vcex-image vcex-module textleft\"><div class=\"vcex-image-inner wpex-relative wpex-inline-block\"><img width=\"295\" height=\"913\" src=\"https:\/\/www.facad.com\/wp\/wp-content\/uploads\/2018\/03\/LateralAnalysis.gif\" class=\"vcex-image-img wpex-align-middle\" alt=\"\" loading=\"lazy\" decoding=\"async\" \/><\/div><\/figure>[\/vc_column][\/vc_row][vc_row][vc_column][vc_separator color=&#8221;custom&#8221; border_width=&#8221;2&#8243; accent_color=&#8221;#4d7900&#8243;][\/vc_column][\/vc_row][vc_row][vc_column width=&#8221;1\/2&#8243;][vc_column_text]\n<div class=\"rubrik\">\n<h3><strong>Interaktiva m\u00e4tningar<\/strong><\/h3>\n<p>Ytterligare m\u00e4tningar (avst\u00e5nd och vinklar) kan utf\u00f6ras interaktivt direkt p\u00e5 den digitala, r\u00e4tt kalibrerade r\u00f6ntgenbilden.<\/p>\n<p>&nbsp;<\/p>\n<\/div>\n[\/vc_column_text]<figure class=\"vcex-image vcex-module textright\"><div class=\"vcex-image-inner wpex-relative wpex-inline-block\"><img width=\"799\" height=\"658\" src=\"https:\/\/www.facad.com\/wp\/wp-content\/uploads\/2018\/03\/InteractiveMeasurement.jpg\" class=\"vcex-image-img wpex-align-middle\" alt=\"\" loading=\"lazy\" decoding=\"async\" srcset=\"https:\/\/www.facad.com\/wp\/wp-content\/uploads\/2018\/03\/InteractiveMeasurement.jpg 799w, https:\/\/www.facad.com\/wp\/wp-content\/uploads\/2018\/03\/InteractiveMeasurement-300x247.jpg 300w, https:\/\/www.facad.com\/wp\/wp-content\/uploads\/2018\/03\/InteractiveMeasurement-768x632.jpg 768w\" sizes=\"auto, (max-width: 799px) 100vw, 799px\" \/><\/div><\/figure>[\/vc_column][vc_column width=&#8221;1\/2&#8243;][vc_column_text]\n<h3><strong>Grafisk presentation<\/strong><\/h3>\n<p>Kefalometriska m\u00e4tningar och v\u00e4rden kan visas grafiskt p\u00e5 tracingbilden, tillsammans med utvalda kefalometriska linjer (s\u00e5som nasion-sella-linjen och mandibular-linjen).<\/p>\n<p>&nbsp;[\/vc_column_text]<figure class=\"vcex-image vcex-module\"><div class=\"vcex-image-inner wpex-relative wpex-inline-block\"><img width=\"1159\" height=\"1093\" src=\"https:\/\/www.facad.com\/wp\/wp-content\/uploads\/2018\/03\/Graphics.jpg\" class=\"vcex-image-img wpex-align-middle\" alt=\"\" loading=\"lazy\" decoding=\"async\" srcset=\"https:\/\/www.facad.com\/wp\/wp-content\/uploads\/2018\/03\/Graphics.jpg 1159w, https:\/\/www.facad.com\/wp\/wp-content\/uploads\/2018\/03\/Graphics-300x283.jpg 300w, https:\/\/www.facad.com\/wp\/wp-content\/uploads\/2018\/03\/Graphics-768x724.jpg 768w, https:\/\/www.facad.com\/wp\/wp-content\/uploads\/2018\/03\/Graphics-1024x966.jpg 1024w\" sizes=\"auto, (max-width: 1159px) 100vw, 1159px\" \/><\/div><\/figure>[\/vc_column][\/vc_row][vc_row][vc_column][vc_separator color=&#8221;custom&#8221; border_width=&#8221;2&#8243; accent_color=&#8221;#4d7900&#8243;][\/vc_column][\/vc_row][vc_row][vc_column width=&#8221;1\/2&#8243;]<figure class=\"vcex-image vcex-module textright\"><div class=\"vcex-image-inner wpex-relative wpex-inline-block\"><img width=\"1120\" height=\"760\" src=\"https:\/\/www.facad.com\/wp\/wp-content\/uploads\/2018\/03\/HarmonyBox.gif\" class=\"vcex-image-img wpex-align-middle\" alt=\"\" loading=\"lazy\" decoding=\"async\" \/><\/div><\/figure>[\/vc_column][vc_column width=&#8221;1\/2&#8243;][vc_column_text]\n<h1><span class=\"rubrik\"><strong>Harmonibox<\/strong><\/span><\/h1>\n<p>Harmoniboxen som introducerades av Segner och Hasund \u00e4r en metod f\u00f6r att grafiskt presentera vissa kefalometriska v\u00e4rden f\u00f6r att f\u00f6renkla utv\u00e4rdering av ansiktstyp (prognat, ortognat, retrognat).[\/vc_column_text][\/vc_column][\/vc_row][vc_row][vc_column][vc_separator color=&#8221;custom&#8221; border_width=&#8221;2&#8243; accent_color=&#8221;#4d7900&#8243;][\/vc_column][\/vc_row][vc_row][vc_column width=&#8221;1\/2&#8243;]<a href=\"http:\/\/www.facad.com\/wp\/tracing\/?lang=sv\" class=\"vcex-button theme-button clean align-left inline\" style=\"color:#4d7900;\"><span class=\"vcex-button-inner theme-button-inner\"><span class=\"vcex-button-icon vcex-icon-wrap theme-button-icon-left\"><span aria-hidden=\"true\" class=\"typcn typcn-arrow-left-thick\"><\/span><\/span>F\u00f6reg\u00e5ende<\/span><\/a> [\/vc_column][vc_column width=&#8221;1\/2&#8243;]<a href=\"http:\/\/www.facad.com\/wp\/frontal-pa-analyses\/?lang=sv\" class=\"vcex-button theme-button clean align-right inline\" style=\"color:#4d7900;\"><span class=\"vcex-button-inner theme-button-inner\">N\u00e4sta<span class=\"vcex-button-icon vcex-icon-wrap theme-button-icon-right\"><span aria-hidden=\"true\" class=\"typcn typcn-arrow-right-thick\"><\/span><\/span><\/span><\/a> [\/vc_column][\/vc_row]\n","protected":false},"excerpt":{"rendered":"<p>[vc_row visibility=&#8221;hidden-phone&#8221;][vc_column width=&#8221;1\/2&#8243;][\/vc_column][vc_column width=&#8221;1\/2&#8243;][\/vc_column][\/vc_row][vc_row content_placement=&#8221;top&#8221;][vc_column width=&#8221;2\/3&#8243;][vc_column_text] Kefalometriska analyser En samling utvalda kefalometriska m\u00e5tt kallas f\u00f6r en analys. Man kan v\u00e4lja den kefalometriska analys som ska ber\u00e4knas under p\u00e5g\u00e5ende tracing fr\u00e5n en lista av standard-analyser som levereras med Facad-programmet, eller fr\u00e5n en lista av egna, kundanpassade analyser. Valfri analys kan modifieras eller anpassas fullst\u00e4ndigt genom att&hellip;<\/p>\n","protected":false},"author":1,"featured_media":0,"parent":0,"menu_order":0,"comment_status":"closed","ping_status":"closed","template":"","meta":{"footnotes":""},"class_list":["post-403","page","type-page","status-publish","hentry","entry","no-media"],"_links":{"self":[{"href":"https:\/\/www.facad.com\/wp\/wp-json\/wp\/v2\/pages\/403","targetHints":{"allow":["GET"]}}],"collection":[{"href":"https:\/\/www.facad.com\/wp\/wp-json\/wp\/v2\/pages"}],"about":[{"href":"https:\/\/www.facad.com\/wp\/wp-json\/wp\/v2\/types\/page"}],"author":[{"embeddable":true,"href":"https:\/\/www.facad.com\/wp\/wp-json\/wp\/v2\/users\/1"}],"replies":[{"embeddable":true,"href":"https:\/\/www.facad.com\/wp\/wp-json\/wp\/v2\/comments?post=403"}],"version-history":[{"count":14,"href":"https:\/\/www.facad.com\/wp\/wp-json\/wp\/v2\/pages\/403\/revisions"}],"predecessor-version":[{"id":3103,"href":"https:\/\/www.facad.com\/wp\/wp-json\/wp\/v2\/pages\/403\/revisions\/3103"}],"wp:attachment":[{"href":"https:\/\/www.facad.com\/wp\/wp-json\/wp\/v2\/media?parent=403"}],"curies":[{"name":"wp","href":"https:\/\/api.w.org\/{rel}","templated":true}]}}