{"id":2963,"date":"2019-01-10T14:58:25","date_gmt":"2019-01-10T14:58:25","guid":{"rendered":"http:\/\/www.facad.com\/wp\/?page_id=2963"},"modified":"2019-01-23T10:42:32","modified_gmt":"2019-01-23T10:42:32","slug":"support-faq","status":"publish","type":"page","link":"https:\/\/www.facad.com\/wp\/support-faq\/?lang=da","title":{"rendered":"FAQ \u2013 Ofte stillede sp\u00f8rgsm\u00e5l"},"content":{"rendered":"[vc_row][vc_column][vc_column_text]\n<h1><strong>FAQ \u2013 Ofte stilled sp\u00f8rgsm\u00e5l<br \/>\n<\/strong><\/h1>\n[\/vc_column_text][\/vc_column][\/vc_row][vc_row][vc_column][vc_toggle title=&#8221;Kan man pr\u00f8ve programmet f\u00f8r man k\u00f8ber det?&#8221; style=&#8221;round&#8221; color=&#8221;chino&#8221; size=&#8221;sm&#8221;]Ja. Da du installerer Facad \u2013 programmet for f\u00f8rste gang f\u00e5r du automatiskt en 30-dages tidsbegr\u00e6nset brugerlicens.[\/vc_toggle][vc_toggle title=&#8221;Hvordan kan jeg downloade Facad programmet?&#8221; style=&#8221;round&#8221; color=&#8221;chino&#8221; size=&#8221;sm&#8221;]Kontakt bare os p\u00e5 Ilexis AB for at f\u00e5 en download l\u00e6nke tilsendt.[\/vc_toggle][vc_toggle title=&#8221;Hvor meget koster programmet?&#8221; style=&#8221;round&#8221; color=&#8221;chino&#8221; size=&#8221;sm&#8221;]Kontakt Ilexis AB for at f\u00e5 et tilbud eller et prisforslag.<\/p>\n<p>I de lande hvor vi har forhandlere, kontakt der din forhandler.[\/vc_toggle][vc_separator color=&#8221;custom&#8221; border_width=&#8221;2&#8243; accent_color=&#8221;#4d7900&#8243;]<div class=\"vcex-spacing wpex-w-100 wpex-clear\"><\/div>[vc_toggle title=&#8221;Fejlmeddelelse: Ingen gyldig licens er fundet. Patienter kan ikke skabes eller \u00e5bnes.&#8221; style=&#8221;round&#8221; color=&#8221;chino&#8221; size=&#8221;sm&#8221;]Hvis du f\u00e5r en fejlmeddelelse i Facad-programmet der siger<br \/>\n<strong><code>Ingen gyldig licens er fundet. Patienter kan ikke skabes eller \u00e5bnes.<\/code><\/strong><br \/>\nkontakt Ilexis AB eller din forhandler og be om en ny licens.[\/vc_toggle][vc_toggle title=&#8221;Hvordan kan jag skaffe en brugerlicens?&#8221; style=&#8221;round&#8221; color=&#8221;chino&#8221; size=&#8221;sm&#8221;]N\u00e5r man installerer Facad, skabes der en fil med navnet <em>FacadInstallationInfo.zip<\/em> p\u00e5 computerens skrivebord. Vedl\u00e6g denne i et e-mail som sendes til <a href=\"mailto: support@facad.com\">support@facad.com<\/a> sammen med information om hvilken klinik det drejer sig om.<\/p>\n<p>Hvis du ikke kan lokalisere denne fil, brug menuvalget <strong>Hj\u00e6lp&gt;Teknisk support<\/strong> i Facad och <strong>Gem<\/strong>\u00a0en support-zip fil p\u00e5 computerens skrivebord. Vedl\u00e6g s\u00e5 denne fil i et e-mail til en epost til <a href=\"mailto: support@facad.com\">support@facad.com<\/a>.[\/vc_toggle][vc_toggle title=&#8221;Hvordan kan jeg f\u00e5 teknisk support? &#8221; style=&#8221;round&#8221; color=&#8221;chino&#8221; size=&#8221;sm&#8221;]I f\u00f8rste omgang ber vi dig om at kontakte din lokale forhandler. Ellers kontakt os med en e-mail til <a href=\"mailto: support@facad.com\">support@facad.com<\/a>.<br \/>\nBeskriv dit problem s\u00e5 n\u00f8jaktigt som muligt sammen med information om eventuelle fejlmeddelelser.<\/p>\n<p>Screendumps eller billeder af problemet er ofte v\u00e6ldigt praktiskt for at finde frem til fejlen, brug derfor gerne <strong>Klippev\u00e6rkt\u00f8jet<\/strong> i Windows.<\/p>\n<p>En <em><strong>support-zip fil<\/strong> <\/em>kan ligeledes ogs\u00e5 v\u00e6re til stor hj\u00e6lp. For at skabe s\u00e5dan en fil, v\u00e6lg menuvalget <strong>Hj\u00e6lp&gt;Teknisk support<\/strong> i Facad og <strong>Gem<\/strong> en support-zip fil p\u00e5 computerens skrivebord. Vedl\u00e6g denne support-zip fil i et email til <a href=\"mailto: support@facad.com\">support@facad.com<\/a>.[\/vc_toggle][vc_toggle title=&#8221;Vi har flyttet hele Facad-installationen til en ny server\/arbejdsstation. Hvordan f\u00e5r vi softwaren til at fungere igen?&#8221; style=&#8221;round&#8221; color=&#8221;chino&#8221; size=&#8221;sm&#8221;]Begynd med at skabe en <em><strong>support-zip fil<\/strong> <\/em>fra Facad. Dette kan ogs\u00e5 g\u00f8res uden en gyldig licens.<\/p>\n<p>V\u00e6lg menuvalget <strong>Hj\u00e6lp&gt;Teknisk support<\/strong> i Facad og <strong>Gem<\/strong> en support-zip fil p\u00e5 computerens skrivebord. Vedl\u00e6g denne support-zip fil til et email til <a href=\"mailto: support@facad.com\">support@facad.com<\/a> sammen med information om alt det tekniske.<\/p>\n<p>Vedl\u00e6g s\u00e5 meget information som muligt om nye servernavne og \u00e6ndrede stier til den delte mappe hvor Facad er installeret.<br \/>\nAngiv helst s\u00f8geveje i UNC-format (<code><em>\\\\servernavn\\share-navn\\Facad\\...<\/em><\/code>)[\/vc_toggle][vc_separator color=&#8221;custom&#8221; border_width=&#8221;2&#8243; accent_color=&#8221;#4d7900&#8243;]<div class=\"vcex-spacing wpex-w-100 wpex-clear\"><\/div>[vc_toggle title=&#8221;Aktivitetsloggning&#8221; style=&#8221;round&#8221; color=&#8221;chino&#8221; size=&#8221;sm&#8221;]Aktivitetsloggning kan aktiveres af den lokale IT-administrat\u00f8r s\u00e5 at aktiviteter i Facad logges:<\/p>\n<ul>\n<li><strong>hvem<\/strong> har haft adgang til hvilke patienter og billeder,<\/li>\n<li><strong>hvorfra<\/strong> (fra hvilken computer) og<\/li>\n<li><strong>hvorn\u00e5r<\/strong> (tidspunkt)?<\/li>\n<\/ul>\n<p>Hvordan man aktiverer aktivitetsloggning er beskrevet i et separat dokument; <em>Facad Activity Log Guide<\/em>.[\/vc_toggle][vc_toggle title=&#8221;Fejls\u00f8gning for IT-administrat\u00f8rer&#8221; style=&#8221;round&#8221; color=&#8221;chino&#8221; size=&#8221;sm&#8221;]L\u00e6s mere om fejls\u00f8gning for IT-administrat\u00f8rer i <a href=\"http:\/\/www.facad.com\/wp\/wp-content\/uploads\/2018\/05\/FacadInstallationsinstruktioner_SE.pdf\" target=\"_blank\" rel=\"noopener\">Facads installationshandledning<\/a> (p\u00e5 svensk) eller i <a href=\"http:\/\/www.facad.com\/wp\/wp-content\/uploads\/2018\/05\/FacadInstaller_UsersGuide.pdf\" target=\"_blank\" rel=\"noopener\">Facads installation manual<\/a> (p\u00e5 engelsk).[\/vc_toggle][vc_separator color=&#8221;custom&#8221; border_width=&#8221;2&#8243; accent_color=&#8221;#4d7900&#8243;]<div class=\"vcex-spacing wpex-w-100 wpex-clear\"><\/div>[vc_column_text]<em>Sp\u00f8rgsm\u00e5l og svar nedenunder er kun p\u00e5 engelsk.<\/em>[\/vc_column_text]<div class=\"vcex-spacing wpex-w-100 wpex-clear\"><\/div>[vc_toggle title=&#8221;Older versions 3.7-3.8: Facad or the installer program does not start (.NET issues)&#8221; style=&#8221;round&#8221; color=&#8221;chino&#8221; size=&#8221;sm&#8221;]If you are having problems with installing the FACAD software or running FACAD after installation that looks like this:<\/p>\n<ul>\n<li>the installation software does not start at all<\/li>\n<li>the installation software is extracted, but the installation program does not start<\/li>\n<li>Facad does not start<\/li>\n<\/ul>\n<p>then your PC is probably missing important requirements.<\/p>\n<p>FACAD version 3-7-3.8 require that both <strong>Microsoft .NET Framework version 2<\/strong> and <strong>version 4<\/strong> are installed.<\/p>\n<h5>Problems with Windows 10, Windows 8-8.1<\/h5>\n<ul>\n<li>The .NET version 4 is included in these operating systems.<\/li>\n<li>The <strong>.NET version 2<\/strong> might not be &#8220;turned on&#8221;, follow the instructions below to enable .NET version 2.\n<ul>\n<li style=\"list-style-type: none;\">\n<ul>\n<li>Open the <em>Control Panel<\/em> and select (or search for) &#8220;Program and Features&#8221;.<\/li>\n<li>Click on <strong>Turn Windows features on or off<\/strong>.<\/li>\n<\/ul>\n<\/li>\n<\/ul>\n<p><img loading=\"lazy\" decoding=\"async\" class=\"size-medium wp-image-1528 alignnone\" src=\"http:\/\/www.facad.com\/wp\/wp-content\/uploads\/2018\/04\/net-300x242.png\" alt=\"\" width=\"300\" height=\"242\" srcset=\"https:\/\/www.facad.com\/wp\/wp-content\/uploads\/2018\/04\/net-300x242.png 300w, https:\/\/www.facad.com\/wp\/wp-content\/uploads\/2018\/04\/net.png 468w\" sizes=\"auto, (max-width: 300px) 100vw, 300px\" \/><\/p>\n<ul>\n<li>Here you can see <strong>.NET Framework 3.5 (includes .NET 2.0 and 3.0)<\/strong> as a feature and by default the feature is disabled.<\/li>\n<li>Enable this feature completely + OK.<\/li>\n<li>This will download the entire package from the internet and install the .NET Framework feature.<\/li>\n<\/ul>\n<\/li>\n<\/ul>\n<h5>Problems with Windows XP<\/h5>\n<ul>\n<li>Check that .NET versions 2 and 4 are installed.<br \/>\nIf the .NET version 2 and\/or 4 are not installed, here are some links that enables download and installation of<br \/>\n<a href=\"http:\/\/www.facad.com\/xp\" target=\"_blank\" rel=\"noopener\">Microsoft .NET Framework version 2<br \/>\n<\/a><a href=\"https:\/\/www.microsoft.com\/en-us\/download\/details.aspx?id=17718\" target=\"_blank\" rel=\"noopener\">Microsoft .NET Framework version 4<\/a><\/li>\n<\/ul>\n[\/vc_toggle][\/vc_column][\/vc_row]\n","protected":false},"excerpt":{"rendered":"<p>[vc_row][vc_column][vc_column_text] FAQ \u2013 Ofte stilled sp\u00f8rgsm\u00e5l [\/vc_column_text][\/vc_column][\/vc_row][vc_row][vc_column][vc_toggle title=&#8221;Kan man pr\u00f8ve programmet f\u00f8r man k\u00f8ber det?&#8221; style=&#8221;round&#8221; color=&#8221;chino&#8221; size=&#8221;sm&#8221;]Ja. Da du installerer Facad \u2013 programmet for f\u00f8rste gang f\u00e5r du automatiskt en 30-dages tidsbegr\u00e6nset brugerlicens.[\/vc_toggle][vc_toggle title=&#8221;Hvordan kan jeg downloade Facad programmet?&#8221; style=&#8221;round&#8221; color=&#8221;chino&#8221; size=&#8221;sm&#8221;]Kontakt bare os p\u00e5 Ilexis AB for at f\u00e5 en download l\u00e6nke tilsendt.[\/vc_toggle][vc_toggle&hellip;<\/p>\n","protected":false},"author":2,"featured_media":0,"parent":0,"menu_order":0,"comment_status":"closed","ping_status":"closed","template":"","meta":{"footnotes":""},"class_list":["post-2963","page","type-page","status-publish","hentry","entry","no-media"],"_links":{"self":[{"href":"https:\/\/www.facad.com\/wp\/wp-json\/wp\/v2\/pages\/2963","targetHints":{"allow":["GET"]}}],"collection":[{"href":"https:\/\/www.facad.com\/wp\/wp-json\/wp\/v2\/pages"}],"about":[{"href":"https:\/\/www.facad.com\/wp\/wp-json\/wp\/v2\/types\/page"}],"author":[{"embeddable":true,"href":"https:\/\/www.facad.com\/wp\/wp-json\/wp\/v2\/users\/2"}],"replies":[{"embeddable":true,"href":"https:\/\/www.facad.com\/wp\/wp-json\/wp\/v2\/comments?post=2963"}],"version-history":[{"count":5,"href":"https:\/\/www.facad.com\/wp\/wp-json\/wp\/v2\/pages\/2963\/revisions"}],"predecessor-version":[{"id":3035,"href":"https:\/\/www.facad.com\/wp\/wp-json\/wp\/v2\/pages\/2963\/revisions\/3035"}],"wp:attachment":[{"href":"https:\/\/www.facad.com\/wp\/wp-json\/wp\/v2\/media?parent=2963"}],"curies":[{"name":"wp","href":"https:\/\/api.w.org\/{rel}","templated":true}]}}