{"id":2485,"date":"2018-06-14T12:31:28","date_gmt":"2018-06-14T12:31:28","guid":{"rendered":"http:\/\/www.facad.com\/wp\/?page_id=2485"},"modified":"2019-01-23T10:31:38","modified_gmt":"2019-01-23T10:31:38","slug":"function-overview","status":"publish","type":"page","link":"https:\/\/www.facad.com\/wp\/function-overview\/?lang=es","title":{"rendered":"Functional overview"},"content":{"rendered":"[vc_row][vc_column][vc_column_text]\n<h1><strong>Presentaci\u00f3n de funciones<\/strong><\/h1>\n[\/vc_column_text][\/vc_column][\/vc_row][vc_row][vc_column][vc_toggle title=&#8221;Sistemas operativos&#8221; style=&#8221;round&#8221; color=&#8221;chino&#8221; size=&#8221;sm&#8221;]\n<ul>\n<li>Windows 10<\/li>\n<li>Windows 8-8.1<\/li>\n<li>Windows 7<\/li>\n<li>Windows Server OS cuando se utiliza en un entorno con servidor de terminales de red como Citrix<\/li>\n<\/ul>\n<p>El software tambi\u00e9n funciona con ordenadores Mac que ejecuten un emulador Windows, como <a href=\"http:\/\/www.parallels.com\" target=\"_blank\" rel=\"noopener\">Parallels Desktop<\/a> o <a href=\"http:\/\/www.vmware.com\/se\/products\/fusion.html\" target=\"_blank\" rel=\"noopener\">VMware Fusion<\/a>.[\/vc_toggle][vc_toggle title=&#8221;Importaci\u00f3n de im\u00e1genes digitales&#8221; style=&#8221;round&#8221; color=&#8221;chino&#8221; size=&#8221;sm&#8221;]\n<div class=\"NORMAL\">\n<ul>\n<li>BMP, DICOM, GIF, JPEG, PNG, TIFF<\/li>\n<li>Radiograf\u00edas escaneadas<\/li>\n<li>Im\u00e1genes radiogr\u00e1ficas digitales\n<ul>\n<li>Cefalogramas<\/li>\n<li>Radiograf\u00edas frontales<\/li>\n<li>Radiograf\u00edas panor\u00e1micas<\/li>\n<\/ul>\n<\/li>\n<li>Fotos faciales\n<ul>\n<li>laterales<\/li>\n<li>frontales<\/li>\n<\/ul>\n<\/li>\n<li>Modelos (2 D)\n<ul>\n<li>fotografiados<\/li>\n<li>escaneados<\/li>\n<\/ul>\n<\/li>\n<li>Otras im\u00e1genes<\/li>\n<li>Pegar los datos de la imagen copiada desde el escritorio de Windows<\/li>\n<\/ul>\n<\/div>\n[\/vc_toggle][vc_toggle title=&#8221;Programas plug\u00edn&#8221; style=&#8221;round&#8221; color=&#8221;chino&#8221; size=&#8221;sm&#8221;]Conexi\u00f3n con otros programas de procesamiento de im\u00e1genes radiogr\u00e1ficas digitales, sistemas de gesti\u00f3n de pacientes o PACS (Picture Archiving and Communication System), consultar la <a href=\"http:\/\/www.facad.com\/wp\/plugin-programs\/?lang=es\">lista de programas<\/a>.[\/vc_toggle][vc_toggle title=&#8221;Facad se encuentra disponible en diversos idiomas&#8221; style=&#8221;round&#8221; color=&#8221;chino&#8221; size=&#8221;sm&#8221;]\n<ul>\n<li>Alem\u00e1n<\/li>\n<li>Dan\u00e9s<\/li>\n<li>Eslovaco<\/li>\n<li>Espa\u00f1ol<\/li>\n<li>Finland\u00e9s<\/li>\n<li>Franc\u00e9s<\/li>\n<li>Holand\u00e9s<\/li>\n<li>Ingl\u00e9s<\/li>\n<li>Italiano<\/li>\n<li>Noruego<\/li>\n<li>Polaco<\/li>\n<li>Portugu\u00e9s<\/li>\n<li>Sueco<\/li>\n<\/ul>\n[\/vc_toggle][vc_toggle title=&#8221;Gestor de imagen\/trazado&#8221; style=&#8221;round&#8221; color=&#8221;chino&#8221; size=&#8221;sm&#8221;]Presentaci\u00f3n visual, mediante im\u00e1genes en miniatura, y gesti\u00f3n de im\u00e1genes, trazados, planes de tratamiento y superposiciones de los pacientes,\u00a0organizados por ex\u00e1menes.[\/vc_toggle][vc_toggle title=&#8221;Calibrado de la imagen&#8221; style=&#8221;round&#8221; color=&#8221;chino&#8221; size=&#8221;sm&#8221;]\n<div class=\"NORMAL\">\n<ul>\n<li>Calibrar utilizando el sistema de regla sobre la radiograf\u00eda (real)<\/li>\n<li>Ingresar la resoluci\u00f3n (mm\/p\u00edxel) del detector radiogr\u00e1fico<\/li>\n<li>Ingresar la resoluci\u00f3n PPP (puntos por pulgada) del esc\u00e1ner de im\u00e1genes (para una radiograf\u00eda escaneada)<\/li>\n<li>Compensaci\u00f3n de los factores de ampliaci\u00f3n radiogr\u00e1ficos<\/li>\n<\/ul>\n<\/div>\n[\/vc_toggle][vc_toggle title=&#8221;Funciones sobre las im\u00e1genes&#8221; style=&#8221;round&#8221; color=&#8221;chino&#8221; size=&#8221;sm&#8221;]\n<div class=\"NORMAL\">\n<ul>\n<li>Zoom\n<ul>\n<li>Ampl\u00eda\/reduce en forma escalonada<\/li>\n<li>Ampl\u00eda\/reduce en forma continua<\/li>\n<\/ul>\n<\/li>\n<li>Brillo y contraste\n<ul>\n<li>Ajuste de brillo y contraste<\/li>\n<li>Optimizaci\u00f3n del brillo y el contraste en una zona espec\u00edfica de la imagen<\/li>\n<\/ul>\n<\/li>\n<li>Inversi\u00f3n de la imagen<\/li>\n<li>Posibilidad de rotar una imagen 90\u00b0\/180\u00b0, voltearla hacia arriba\/abajo o reflejarla a izquierda\/derecha<\/li>\n<li>Rotaci\u00f3n libre de la imagen<\/li>\n<\/ul>\n<\/div>\n<div class=\"NORMAL\">\n<div class=\"NORMAL\"><\/div>\n<\/div>\n[\/vc_toggle][vc_toggle title=&#8221;Trazado&#8221; style=&#8221;round&#8221; color=&#8221;chino&#8221; size=&#8221;sm&#8221;]\n<ul>\n<li>Colocaci\u00f3n de puntos de referencia\n<ul>\n<li>Un proceso guiado con gu\u00eda de ubicaci\u00f3n visual de los puntos de referencia<\/li>\n<li>Ubicaci\u00f3n autom\u00e1tica del cursor<\/li>\n<li>Colocaci\u00f3n exclusiva de los puntos de referencia requeridos para el an\u00e1lisis elegido<\/li>\n<li>Ajuste de la posici\u00f3n de los puntos de referencia<\/li>\n<li>Colocaci\u00f3n\/ajuste preciso de los puntos de referencia<\/li>\n<\/ul>\n<\/li>\n<li>Ubicaci\u00f3n autom\u00e1tica de los incisivos<\/li>\n<li>Colocaci\u00f3n de dientes utilizando modelos prefabricados<\/li>\n<li>Ajuste de la posici\u00f3n, el tama\u00f1o y la inclinaci\u00f3n de los dientes<\/li>\n<li>Dibujar el tejido duro (maxilar, mand\u00edbula y dem\u00e1s estructuras anat\u00f3micas) utilizando modelos listos para usar<\/li>\n<li>Ajustar las estructuras de tejido duro<\/li>\n<li>Dibujar la l\u00ednea del perfil blando utilizando un modelo y el reconocimiento autom\u00e1tico de estructuras<\/li>\n<li>Ajustar la l\u00ednea del perfil blando<\/li>\n<li>Posibilidad de realizar el trazado sobre cefalograma derecho o izquierdo<\/li>\n<li>Se pueden deshacer f\u00e1cilmente las acciones, para corregir errores del usuario<\/li>\n<\/ul>\n[\/vc_toggle][vc_toggle title=&#8221;An\u00e1lisis cefalom\u00e9trico&#8221; style=&#8221;round&#8221; color=&#8221;chino&#8221; size=&#8221;sm&#8221;]\n<ul>\n<li>An\u00e1lisis est\u00e1ndares predefinidos\n<ul>\n<li>An\u00e1lisis laterales<\/li>\n<li>An\u00e1lisis\u00a0frontales (PA)<\/li>\n<li>An\u00e1lisis\u00a0de modelos de estudio<\/li>\n<\/ul>\n<\/li>\n<li>Modificaci\u00f3n y personalizaci\u00f3n de sus propios an\u00e1lisis<\/li>\n<li>Ajuste de intervalos normales para medidas seleccionadas<\/li>\n<li>Construcci\u00f3n de an\u00e1lisis propios, a partir de una biblioteca de medidas<\/li>\n<li>Presentaci\u00f3n gr\u00e1fica flexible de las medidas, los valores y las l\u00edneas cefalom\u00e9tricas<\/li>\n<li>Cuadro de armon\u00eda (Segner\/Hasund)<\/li>\n<\/ul>\n[\/vc_toggle][vc_toggle title=&#8221;Salida&#8221; style=&#8221;round&#8221; color=&#8221;chino&#8221; size=&#8221;sm&#8221;]\n<ul>\n<li>Impresi\u00f3n de im\u00e1genes, trazados, resultados de an\u00e1lisis e informes combinados<\/li>\n<li>Exportaci\u00f3n de im\u00e1genes hacia archivos de im\u00e1genes<\/li>\n<li>Registro de los resultados de an\u00e1lisis en archivos de texto<\/li>\n<li>Copia de im\u00e1genes, trazados y resultados de an\u00e1lisis en el portapapeles de Windows<\/li>\n<li>Exportaci\u00f3n de pacientes Facad a una memoria USB, por ejemplo<\/li>\n<\/ul>\n[\/vc_toggle][vc_toggle title=&#8221;Plan de tratamiento y VTO&#8221; style=&#8221;round&#8221; color=&#8221;chino&#8221; size=&#8221;sm&#8221;]\n<ul>\n<li>Movimiento planificado y rotaci\u00f3n de dientes, maxilar y mand\u00edbula, con alta precisi\u00f3n, de forma interactiva o ingresando valores de movimiento num\u00e9ricos<\/li>\n<li>Presentaci\u00f3n digital inmediata del movimiento planificado<\/li>\n<li>Predicci\u00f3n inmediata del perfil blando<\/li>\n<li>Simulaci\u00f3n de los efectos de la rotaci\u00f3n autom\u00e1tica de la mand\u00edbula<\/li>\n<li>Divisi\u00f3n de segmentos de tejido duro<\/li>\n<li>Simulaci\u00f3n del uso de distractores<\/li>\n<li>Foto de predicci\u00f3n como resultado del plan de tratamiento<\/li>\n<li>Modelo flexible para movimientos del tejido blando<\/li>\n<li>Diversas sugerencias de planeamiento<\/li>\n<\/ul>\n[\/vc_toggle][vc_toggle title=&#8221;Superposici\u00f3n&#8221; style=&#8221;round&#8221; color=&#8221;chino&#8221; size=&#8221;sm&#8221;]\n<ul>\n<li>Superponer una radiograf\u00eda lateral sobre una foto de perfil, en transparencia<\/li>\n<li>Superponer dos radiograf\u00edas en transparencia<\/li>\n<li>Superposici\u00f3n simult\u00e1nea de 2-5 trazados<\/li>\n<li>Presentaci\u00f3n de los valores de an\u00e1lisis de todos los trazados superpuestos simult\u00e1neamente<\/li>\n<li>Superposici\u00f3n de trazados de antes, durante y despu\u00e9s del tratamiento<\/li>\n<li>Superposici\u00f3n de trazados durante el crecimiento<\/li>\n<li>Superposici\u00f3n de un plan de tratamiento con el trazado post-tratamiento, para comparar el plan con el resultado obtenido<\/li>\n<li>Medici\u00f3n de diferencias (distancias) entre trazados sobre una superposici\u00f3n<\/li>\n<li>Diversos m\u00e9todos de alineamiento de los trazados incluidos:\n<ul>\n<li>Fijaci\u00f3n de trazados con respecto a un punto de referencia, rotaci\u00f3n alrededor de una l\u00ednea de referencia<\/li>\n<li>Utilizaci\u00f3n de dos o m\u00e1s puntos de referencia, lo que otorga una mayor concordancia<\/li>\n<li>Alineamiento manual, utilizando estructuras anat\u00f3micas<\/li>\n<li>Implementaci\u00f3n del\u00a0\u201cm\u00e9todo estructural\u201d del profesor Arne Bj\u00f6rk (con l\u00edneas de implante)<\/li>\n<\/ul>\n<\/li>\n<\/ul>\n[\/vc_toggle][vc_toggle title=&#8221;Documentaci\u00f3n&#8221; style=&#8221;round&#8221; color=&#8221;chino&#8221; size=&#8221;sm&#8221;]\n<h5><strong>Formato PDF<\/strong><\/h5>\n<ul>\n<li><em>Gu\u00eda de aprendizaje <\/em>para iniciarse (tambi\u00e9n en espa\u00f1ol)<\/li>\n<li>Un completo manual para el usuario, en ingl\u00e9s (<em>Reference Manual<\/em>)<\/li>\n<li>An\u00e1lisis est\u00e1ndares bien documentados<\/li>\n<li>Documentaci\u00f3n en una biblioteca de medidas<\/li>\n<li>Notas sobre la versi\u00f3n, en ingl\u00e9s (<em>Release Notes<\/em>)<\/li>\n<\/ul>\n<h5><strong>Formato papel<\/strong><\/h5>\n<p>La documentaci\u00f3n anterior tambi\u00e9n se encuentra disponible en formato papel bajo solicitud <a href=\"mailto:support@facad.com\">support@facad.com<\/a>[\/vc_toggle][vc_toggle title=&#8221;Actualizaciones en l\u00ednea&#8221; style=&#8221;round&#8221; color=&#8221;chino&#8221; size=&#8221;sm&#8221;]\n<ul>\n<li>Distribuci\u00f3n de licencia de usuario en l\u00ednea<\/li>\n<li>Actualizaci\u00f3n en l\u00ednea con nuevas versiones del programa<\/li>\n<\/ul>\n[\/vc_toggle][vc_toggle title=&#8221;Registro de actividad&#8221; style=&#8221;round&#8221; color=&#8221;chino&#8221; size=&#8221;sm&#8221;]Registro de actividad (optativo)<\/p>\n<ul>\n<li>\u00bfQui\u00e9n ha accedido, a qu\u00e9 pacientes e im\u00e1genes, desde d\u00f3nde (a partir de qu\u00e9 ordenador) y cu\u00e1ndo (marca de hora)?<\/li>\n<\/ul>\n[\/vc_toggle][\/vc_column][\/vc_row]\n","protected":false},"excerpt":{"rendered":"<p>[vc_row][vc_column][vc_column_text] Presentaci\u00f3n de funciones [\/vc_column_text][\/vc_column][\/vc_row][vc_row][vc_column][vc_toggle title=&#8221;Sistemas operativos&#8221; style=&#8221;round&#8221; color=&#8221;chino&#8221; size=&#8221;sm&#8221;] Windows 10 Windows 8-8.1 Windows 7 Windows Server OS cuando se utiliza en un entorno con servidor de terminales de red como Citrix El software tambi\u00e9n funciona con ordenadores Mac que ejecuten un emulador Windows, como Parallels Desktop o VMware Fusion.[\/vc_toggle][vc_toggle title=&#8221;Importaci\u00f3n de im\u00e1genes digitales&#8221;&hellip;<\/p>\n","protected":false},"author":2,"featured_media":0,"parent":0,"menu_order":0,"comment_status":"closed","ping_status":"closed","template":"","meta":{"footnotes":""},"class_list":["post-2485","page","type-page","status-publish","hentry","entry","no-media"],"_links":{"self":[{"href":"https:\/\/www.facad.com\/wp\/wp-json\/wp\/v2\/pages\/2485","targetHints":{"allow":["GET"]}}],"collection":[{"href":"https:\/\/www.facad.com\/wp\/wp-json\/wp\/v2\/pages"}],"about":[{"href":"https:\/\/www.facad.com\/wp\/wp-json\/wp\/v2\/types\/page"}],"author":[{"embeddable":true,"href":"https:\/\/www.facad.com\/wp\/wp-json\/wp\/v2\/users\/2"}],"replies":[{"embeddable":true,"href":"https:\/\/www.facad.com\/wp\/wp-json\/wp\/v2\/comments?post=2485"}],"version-history":[{"count":9,"href":"https:\/\/www.facad.com\/wp\/wp-json\/wp\/v2\/pages\/2485\/revisions"}],"predecessor-version":[{"id":3134,"href":"https:\/\/www.facad.com\/wp\/wp-json\/wp\/v2\/pages\/2485\/revisions\/3134"}],"wp:attachment":[{"href":"https:\/\/www.facad.com\/wp\/wp-json\/wp\/v2\/media?parent=2485"}],"curies":[{"name":"wp","href":"https:\/\/api.w.org\/{rel}","templated":true}]}}