{"id":2476,"date":"2018-06-13T15:02:22","date_gmt":"2018-06-13T15:02:22","guid":{"rendered":"http:\/\/www.facad.com\/wp\/?page_id=2476"},"modified":"2024-01-18T09:29:17","modified_gmt":"2024-01-18T09:29:17","slug":"technical-specifications","status":"publish","type":"page","link":"https:\/\/www.facad.com\/wp\/technical-specifications\/?lang=es","title":{"rendered":"Technical specifications"},"content":{"rendered":"[vc_row][vc_column width=&#8221;1\/2&#8243;][vc_column_text]\n<h1><strong>Especificaciones t\u00e9cnicas y recomendaciones<\/strong><\/h1>\n[\/vc_column_text][\/vc_column][vc_column width=&#8221;1\/2&#8243;][\/vc_column][\/vc_row][vc_row][vc_column][vc_toggle title=&#8221;Instalaciones&#8221; style=&#8221;round&#8221; color=&#8221;chino&#8221; size=&#8221;sm&#8221;]El programa de trazado ortod\u00f3ncico Facad tambi\u00e9n puede instalarse<\/p>\n<ul>\n<li>localmente en un PC\n<ul>\n<li>recomendado para uso \u00fanico en un puesto de trabajo fijo, con\u00a0<strong>licencia fija<\/strong><\/li>\n<\/ul>\n<\/li>\n<li>en una carpeta compartida, a trav\u00e9s de un servidor\n<ul>\n<li>recomendado para utilizar en m\u00e1s de un puesto de trabajo, con <strong>licencia fija<\/strong> v\u00e1lida para cada puesto, o con <strong>licencia flotante\u00a0<\/strong>v\u00e1lida para uso simult\u00e1neo en varios puestos de trabajo<\/li>\n<\/ul>\n<\/li>\n<\/ul>\n<p>Si el programa est\u00e1 instalado en una carpeta compartida a trav\u00e9s de un servidor, no se deben realizar instalaciones locales: basta con usar el atajo hacia el programa instalado.<br \/>\nEste atajo es creado por el programa durante la primera ejecuci\u00f3n.[\/vc_toggle][vc_toggle title=&#8221;Sistemas operativos&#8221; style=&#8221;round&#8221; color=&#8221;chino&#8221; size=&#8221;sm&#8221;]\n<p style=\"text-align: left;\">El programa Facad se ejecuta en ordenadores equipados co<\/p>\n<ul>\n<li style=\"text-align: left;\">Windows 11<\/li>\n<li style=\"text-align: left;\">Windows 10<\/li>\n<li style=\"text-align: left;\">Windows 8-8.1<\/li>\n<li style=\"text-align: left;\">Windows 7<\/li>\n<li style=\"text-align: left;\">Windows Server OS cuando se utiliza en un entorno con servidor de terminales de red como Citrix<\/li>\n<\/ul>\n<p style=\"text-align: left;\">El programa tambi\u00e9n funciona en ordenadores Mac que ejecutan un emulador Windows, tales como <a href=\"http:\/\/www.parallels.com\" target=\"_blank\" rel=\"noopener\"><span style=\"font-style: italic;\">Parallels Desktop<\/span><\/a> o <a href=\"http:\/\/www.vmware.com\/se\/products\/fusion.html\" target=\"_blank\" rel=\"noopener\"><span style=\"font-style: italic;\">VMware Fusion<\/span><\/a>.<\/p>\n<p>Los programas operativos Windows XP y Windows Vista ya no son compatible.[\/vc_toggle][vc_toggle title=&#8221;Biblioteca de tiempo de ejecuci\u00f3n y .NET 4.5 indispensable&#8221; style=&#8221;round&#8221; color=&#8221;chino&#8221; size=&#8221;sm&#8221;]Para poder ejecutar el programa Facad se necesita disponer de <strong>Microsoft .NET Framework 4.5<\/strong>\u00a0y\u00a0la biblioteca de tiempo de ejecuci\u00f3n <strong>Microsoft Visual C++ 2015-2022 Redistributable<\/strong>.[\/vc_toggle][vc_toggle title=&#8221;Memoria y espacio en el disco&#8221; style=&#8221;round&#8221; color=&#8221;chino&#8221; size=&#8221;sm&#8221;]La instalaci\u00f3n requiere al menos 260 MB de espacio libre en el disco y una memoria m\u00ednima de 1 GB RAM.[\/vc_toggle][vc_toggle title=&#8221;Bases de datos&#8221; style=&#8221;round&#8221; color=&#8221;chino&#8221; size=&#8221;sm&#8221;]Este programa no incluye bases de datos.[\/vc_toggle][vc_toggle title=&#8221;Tarjeta de red&#8221; style=&#8221;round&#8221; color=&#8221;chino&#8221; size=&#8221;sm&#8221;]Para el funcionamiento del programa se necesita una tarjeta de red disponible en el puesto de trabajo.[\/vc_toggle][vc_toggle title=&#8221;Formatos de los archivos de im\u00e1genes&#8221; style=&#8221;round&#8221; color=&#8221;chino&#8221; size=&#8221;sm&#8221;]Mediante este \u00a0programa se pueden tratar los siguientes formatos de archivos de im\u00e1genes: TIFF, GIF, JPEG, BMP, PNG y DICOM.[\/vc_toggle][vc_toggle title=&#8221;Recomendaciones para una visualizaci\u00f3n precisa&#8221; style=&#8221;round&#8221; color=&#8221;chino&#8221; size=&#8221;sm&#8221;]\n<ul>\n<li>Pantalla color de 24 bits como m\u00ednimo<\/li>\n<li>Resoluci\u00f3n de pantalla de 1280 x 720 como m\u00ednimo<\/li>\n<\/ul>\n[\/vc_toggle][vc_toggle title=&#8221;Pantalla de alta resoluci\u00f3n&#8221; style=&#8221;round&#8221; color=&#8221;chino&#8221; size=&#8221;sm&#8221;]El programa Facad no ha sido dise\u00f1ado para ser ejecutado en ordenadores port\u00e1tiles con pantallas de alta resoluci\u00f3n. Esto puede provocar efectos no deseados en las dimensiones de textos e iconos, por ejemplo.<\/p>\n<h5><strong>Configuraciones de compatibilidad<\/strong><\/h5>\n<p>En los ordenadores port\u00e1tiles y visualizadores de imagen de alta definici\u00f3n Windows aplica una escala de visualizaci\u00f3n que a veces puede provocar un efecto borroso en las letras o reducir el tama\u00f1o de iconos y textos. Esta funcionalidad puede mejorarse ajustando las propiedades del ejecutable (clic derecho en <em>Facad.exe<\/em> ; seleccionar <em>Propiedades<\/em>).<\/p>\n<p><strong>Windows 8.1 y Windows 10<\/strong><\/p>\n<p>Ir a la pesta\u00f1a <em>Compatibilidad<\/em> y marcar la casilla <em>Deshabilitar Mostrar escala en Configuraci\u00f3n elevada de PPP<\/em>.<\/p>\n<p><strong>Windows 10<\/strong><\/p>\n<p>Para las \u00faltimas actualizaciones de Windows 10: Ir a la pesta\u00f1a <em>Compatibilidad<\/em> y marcar la casilla <em>Realiza el reemplazo PPP alta escala comportamiento, ajuste por:<\/em> y seleccionar <em>Sistema<\/em>.[\/vc_toggle][\/vc_column][\/vc_row]\n","protected":false},"excerpt":{"rendered":"<p>[vc_row][vc_column width=&#8221;1\/2&#8243;][vc_column_text] Especificaciones t\u00e9cnicas y recomendaciones [\/vc_column_text][\/vc_column][vc_column width=&#8221;1\/2&#8243;][\/vc_column][\/vc_row][vc_row][vc_column][vc_toggle title=&#8221;Instalaciones&#8221; style=&#8221;round&#8221; color=&#8221;chino&#8221; size=&#8221;sm&#8221;]El programa de trazado ortod\u00f3ncico Facad tambi\u00e9n puede instalarse localmente en un PC recomendado para uso \u00fanico en un puesto de trabajo fijo, con\u00a0licencia fija en una carpeta compartida, a trav\u00e9s de un servidor recomendado para utilizar en m\u00e1s de un puesto de trabajo,&hellip;<\/p>\n","protected":false},"author":2,"featured_media":0,"parent":0,"menu_order":0,"comment_status":"closed","ping_status":"closed","template":"","meta":{"footnotes":""},"class_list":["post-2476","page","type-page","status-publish","hentry","entry","no-media"],"_links":{"self":[{"href":"https:\/\/www.facad.com\/wp\/wp-json\/wp\/v2\/pages\/2476","targetHints":{"allow":["GET"]}}],"collection":[{"href":"https:\/\/www.facad.com\/wp\/wp-json\/wp\/v2\/pages"}],"about":[{"href":"https:\/\/www.facad.com\/wp\/wp-json\/wp\/v2\/types\/page"}],"author":[{"embeddable":true,"href":"https:\/\/www.facad.com\/wp\/wp-json\/wp\/v2\/users\/2"}],"replies":[{"embeddable":true,"href":"https:\/\/www.facad.com\/wp\/wp-json\/wp\/v2\/comments?post=2476"}],"version-history":[{"count":9,"href":"https:\/\/www.facad.com\/wp\/wp-json\/wp\/v2\/pages\/2476\/revisions"}],"predecessor-version":[{"id":6224,"href":"https:\/\/www.facad.com\/wp\/wp-json\/wp\/v2\/pages\/2476\/revisions\/6224"}],"wp:attachment":[{"href":"https:\/\/www.facad.com\/wp\/wp-json\/wp\/v2\/media?parent=2476"}],"curies":[{"name":"wp","href":"https:\/\/api.w.org\/{rel}","templated":true}]}}