{"id":2466,"date":"2018-06-13T14:36:36","date_gmt":"2018-06-13T14:36:36","guid":{"rendered":"http:\/\/www.facad.com\/wp\/?page_id=2466"},"modified":"2023-01-31T13:19:31","modified_gmt":"2023-01-31T13:19:31","slug":"downloads2","status":"publish","type":"page","link":"https:\/\/www.facad.com\/wp\/downloads2\/?lang=es","title":{"rendered":"Downloads"},"content":{"rendered":"[vc_row][vc_column][vc_column_text]\n<h1><strong>Descargas<\/strong><\/h1>\n[\/vc_column_text][\/vc_column][\/vc_row][vc_row][vc_column][vc_toggle title=&#8221;Descargar el programa de cefalometr\u00eda&#8221; style=&#8221;round&#8221; color=&#8221;chino&#8221; size=&#8221;sm&#8221;]Al completar el <a href=\"https:\/\/facad.wufoo.eu\/forms\/descargar-facad-y-solicitud-de-precios\/\" target=\"_blank\" rel=\"noopener noreferrer\">formulario de contacto<\/a>, recibir\u00e1 un mensaje de correo electr\u00f3nico con las instrucciones para ir a la p\u00e1gina de descarga.<\/p>\n<p>Puede probar el programa de cefalometr\u00eda y trazado Facad durante treinta d\u00edas.[\/vc_toggle][vc_toggle title=&#8221;Manuales para el usuario&#8221; style=&#8221;round&#8221; color=&#8221;chino&#8221; size=&#8221;sm&#8221;]Los manuales para el usuario se encuentran en formato PDF en el programa de trazado, en el men\u00fa de <strong>Ayuda<\/strong>.[\/vc_toggle][vc_toggle title=&#8221;Manuales de configuraci\u00f3n de plug\u00edn&#8221; style=&#8221;round&#8221; color=&#8221;chino&#8221; size=&#8221;sm&#8221;]Los manuales de configuraci\u00f3n de los programas plug\u00edn que funcionan en Facad se encuentran en formato PDF en el men\u00fa de <strong>Ayuda<\/strong>.[\/vc_toggle][vc_toggle title=&#8221;Manual de instalaci\u00f3n (en ingl\u00e9s)&#8221; style=&#8221;round&#8221; color=&#8221;chino&#8221; size=&#8221;sm&#8221;]<a href=\"http:\/\/www.facad.com\/wp\/wp-content\/uploads\/2020\/12\/FacadInstaller_UsersGuide.pdf\" target=\"_blank\" rel=\"noopener noreferrer\">Manual de instalaci\u00f3n de Facad<\/a> en ingl\u00e9s (tambi\u00e9n contiene requisitos t\u00e9cnicos, recomendaciones y resoluci\u00f3n de problemas).[\/vc_toggle][vc_toggle title=&#8221;Informaci\u00f3n sobre el Reglamento General de Protecci\u00f3n de Datos (en ingl\u00e9s)&#8221; style=&#8221;round&#8221; color=&#8221;chino&#8221; size=&#8221;sm&#8221;]Facad se adapta al\u00a0 Reglamento General de Protecci\u00f3n de Datos relativa a la utilizaci\u00f3n de datos de pacientes codificados desde la versi\u00f3n 3.11.<\/p>\n<ul>\n<li><a href=\"http:\/\/www.facad.com\/wp\/wp-content\/uploads\/2018\/04\/GDPR_FacadAction_ENG.pdf\" target=\"_blank\" rel=\"noopener noreferrer\">Adaptaci\u00f3n al Reglamento General de Protecci\u00f3n de Datos <\/a>en ingl\u00e9s.<\/li>\n<\/ul>\n[\/vc_toggle][vc_toggle title=&#8221;Documentos normativos (en ingl\u00e9s)&#8221; style=&#8221;round&#8221; color=&#8221;chino&#8221; size=&#8221;sm&#8221;]\n<ul>\n<li><a href=\"https:\/\/www.facad.com\/wp\/wp-content\/uploads\/2022\/01\/certifikat_13485_sv-eng_2021-12-21_web.pdf\" target=\"_blank\" rel=\"noopener noreferrer\">Certificado ISO 13485<\/a><\/li>\n<li><a href=\"http:\/\/www.facad.com\/wp\/wp-content\/uploads\/2018\/04\/DoC_Facad_3.10.pdf\" target=\"_blank\" rel=\"noopener noreferrer\">Declaraci\u00f3n de conformidad CE (DoC), versi\u00f3n 3.10<\/a><\/li>\n<li><a href=\"http:\/\/www.facad.com\/wp\/wp-content\/uploads\/2018\/09\/DoC_Facad_3.11.pdf\" target=\"_blank\" rel=\"noopener noreferrer\">Declaraci\u00f3n de conformidad CE (DoC), versi\u00f3n 3.11<\/a><\/li>\n<li><a href=\"https:\/\/www.facad.com\/wp\/wp-content\/uploads\/2020\/12\/DoC_Facad_3.12.pdf\" target=\"_blank\" rel=\"noopener noreferrer\">Declaraci\u00f3n de conformidad CE (DoC), versi\u00f3n 3.12<\/a><\/li>\n<\/ul>\n[\/vc_toggle][vc_toggle title=&#8221;DICOM&#8221; style=&#8221;round&#8221; color=&#8221;chino&#8221; size=&#8221;sm&#8221;]<a href=\"http:\/\/www.facad.com\/wp\/wp-content\/uploads\/2018\/04\/Facad-DICOM-Conformance-Statement.pdf\" target=\"_blank\" rel=\"noopener noreferrer\">Declaraci\u00f3n de conformidad DICOM<\/a> en ingl\u00e9s[\/vc_toggle][\/vc_column][\/vc_row]\n","protected":false},"excerpt":{"rendered":"<p>[vc_row][vc_column][vc_column_text] Descargas [\/vc_column_text][\/vc_column][\/vc_row][vc_row][vc_column][vc_toggle title=&#8221;Descargar el programa de cefalometr\u00eda&#8221; style=&#8221;round&#8221; color=&#8221;chino&#8221; size=&#8221;sm&#8221;]Al completar el formulario de contacto, recibir\u00e1 un mensaje de correo electr\u00f3nico con las instrucciones para ir a la p\u00e1gina de descarga. Puede probar el programa de cefalometr\u00eda y trazado Facad durante treinta d\u00edas.[\/vc_toggle][vc_toggle title=&#8221;Manuales para el usuario&#8221; style=&#8221;round&#8221; color=&#8221;chino&#8221; size=&#8221;sm&#8221;]Los manuales para el usuario&hellip;<\/p>\n","protected":false},"author":2,"featured_media":0,"parent":0,"menu_order":0,"comment_status":"closed","ping_status":"closed","template":"","meta":{"footnotes":""},"class_list":["post-2466","page","type-page","status-publish","hentry","entry","no-media"],"_links":{"self":[{"href":"https:\/\/www.facad.com\/wp\/wp-json\/wp\/v2\/pages\/2466","targetHints":{"allow":["GET"]}}],"collection":[{"href":"https:\/\/www.facad.com\/wp\/wp-json\/wp\/v2\/pages"}],"about":[{"href":"https:\/\/www.facad.com\/wp\/wp-json\/wp\/v2\/types\/page"}],"author":[{"embeddable":true,"href":"https:\/\/www.facad.com\/wp\/wp-json\/wp\/v2\/users\/2"}],"replies":[{"embeddable":true,"href":"https:\/\/www.facad.com\/wp\/wp-json\/wp\/v2\/comments?post=2466"}],"version-history":[{"count":14,"href":"https:\/\/www.facad.com\/wp\/wp-json\/wp\/v2\/pages\/2466\/revisions"}],"predecessor-version":[{"id":6117,"href":"https:\/\/www.facad.com\/wp\/wp-json\/wp\/v2\/pages\/2466\/revisions\/6117"}],"wp:attachment":[{"href":"https:\/\/www.facad.com\/wp\/wp-json\/wp\/v2\/media?parent=2466"}],"curies":[{"name":"wp","href":"https:\/\/api.w.org\/{rel}","templated":true}]}}