{"id":2386,"date":"2018-06-12T16:12:42","date_gmt":"2018-06-12T16:12:42","guid":{"rendered":"http:\/\/www.facad.com\/wp\/?page_id=2386"},"modified":"2019-01-22T15:53:15","modified_gmt":"2019-01-22T15:53:15","slug":"overview","status":"publish","type":"page","link":"https:\/\/www.facad.com\/wp\/overview\/?lang=es","title":{"rendered":"Overview"},"content":{"rendered":"[vc_row visibility=&#8221;hidden-phone&#8221;][vc_column width=&#8221;1\/2&#8243;][\/vc_column][vc_column width=&#8221;1\/2&#8243;]<a href=\"http:\/\/www.facad.com\/wp\/images\/?lang=es\" class=\"vcex-button theme-button clean align-right inline\" style=\"color:#4d7900;\"><span class=\"vcex-button-inner theme-button-inner\">Siguiente<span class=\"vcex-button-icon vcex-icon-wrap theme-button-icon-right\"><span aria-hidden=\"true\" class=\"typcn typcn-arrow-right-thick\"><\/span><\/span><\/span><\/a> [\/vc_column][\/vc_row][vc_row content_placement=&#8221;bottom&#8221;][vc_column width=&#8221;1\/2&#8243;][vc_column_text]\n<h1><strong>Presentaci\u00f3n<\/strong><\/h1>\n<p>Facad es un programa muy potente, flexible y f\u00e1cil de utilizar con el que se pueden realizar tanto trazados con an\u00e1lisis cefalom\u00e9tricos como simulaciones de tratamiento con predicci\u00f3n del perfil blando.<\/p>\n<h3><strong>Lista de pacientes<\/strong><\/h3>\n<p>Lista de trazados de pacientes en Facad:<\/p>\n<ul>\n<li>r\u00e1pida<\/li>\n<li>facilidad de b\u00fasqueda\/filtro para un paciente espec\u00edfico<\/li>\n<li>aparici\u00f3n prioritaria de los \u00faltimos pacientes<\/li>\n<li>posibilidad de clasificaci\u00f3n mediante un clic sobre los encabezados de las columnas<\/li>\n<\/ul>\n[\/vc_column_text][\/vc_column][vc_column width=&#8221;1\/2&#8243;]<figure class=\"vcex-image vcex-module textright\"><div class=\"vcex-image-inner wpex-relative wpex-inline-block\"><img width=\"729\" height=\"303\" src=\"https:\/\/www.facad.com\/wp\/wp-content\/uploads\/2018\/03\/PL.png\" class=\"vcex-image-img wpex-align-middle\" alt=\"\" loading=\"lazy\" decoding=\"async\" srcset=\"https:\/\/www.facad.com\/wp\/wp-content\/uploads\/2018\/03\/PL.png 729w, https:\/\/www.facad.com\/wp\/wp-content\/uploads\/2018\/03\/PL-300x125.png 300w\" sizes=\"auto, (max-width: 729px) 100vw, 729px\" \/><\/div><\/figure>[\/vc_column][\/vc_row][vc_row][vc_column][vc_separator color=&#8221;custom&#8221; border_width=&#8221;2&#8243; accent_color=&#8221;#4d7900&#8243;][\/vc_column][\/vc_row][vc_row][vc_column][vc_column_text]\n<h1><strong>Gestor de imagen\/trazado<\/strong><\/h1>\n<p>Presentaci\u00f3n visual, mediante im\u00e1genes en miniatura, y gesti\u00f3n de datos personales, im\u00e1genes y trazados de los pacientes,\u00a0organizados por ex\u00e1menes.<\/p>\n<p>Las im\u00e1genes y trazados se organizan seg\u00fan los ex\u00e1menes, reagrupando las im\u00e1genes tomadas en una misma fecha.<\/p>\n<p>Un trazado espec\u00edfico puede representar, por ejemplo:<\/p>\n<ul>\n<li>un trazado original pretratamiento,<\/li>\n<li>un plan de tratamiento, de una serie de planes de tratamiento alternativos, o<\/li>\n<li>un trazado de seguimiento postratamiento.<\/li>\n<\/ul>\n<p>Un trazado tambi\u00e9n puede representar una combinaci\u00f3n de varios trazados, lo que se denomina una superposici\u00f3n.[\/vc_column_text][\/vc_column][\/vc_row][vc_row][vc_column]<figure class=\"vcex-image vcex-module\"><div class=\"vcex-image-inner wpex-relative wpex-inline-block\"><img width=\"1211\" height=\"1001\" src=\"https:\/\/www.facad.com\/wp\/wp-content\/uploads\/2018\/03\/Mgr.png\" class=\"vcex-image-img wpex-align-middle\" alt=\"\" loading=\"lazy\" decoding=\"async\" srcset=\"https:\/\/www.facad.com\/wp\/wp-content\/uploads\/2018\/03\/Mgr.png 1211w, https:\/\/www.facad.com\/wp\/wp-content\/uploads\/2018\/03\/Mgr-300x248.png 300w, https:\/\/www.facad.com\/wp\/wp-content\/uploads\/2018\/03\/Mgr-768x635.png 768w, https:\/\/www.facad.com\/wp\/wp-content\/uploads\/2018\/03\/Mgr-1024x846.png 1024w\" sizes=\"auto, (max-width: 1211px) 100vw, 1211px\" \/><\/div><\/figure>[\/vc_column][\/vc_row][vc_row][vc_column][vc_separator color=&#8221;custom&#8221; border_width=&#8221;2&#8243; accent_color=&#8221;#4d7900&#8243;][\/vc_column][\/vc_row][vc_row][vc_column width=&#8221;1\/2&#8243;][\/vc_column][vc_column width=&#8221;1\/2&#8243;]<a href=\"http:\/\/www.facad.com\/wp\/images\/?lang=es\" class=\"vcex-button theme-button clean align-right inline\" style=\"color:#4d7900;\"><span class=\"vcex-button-inner theme-button-inner\">Next<span class=\"vcex-button-icon vcex-icon-wrap theme-button-icon-right\"><span aria-hidden=\"true\" class=\"typcn typcn-arrow-right-thick\"><\/span><\/span><\/span><\/a> [\/vc_column][\/vc_row]\n","protected":false},"excerpt":{"rendered":"<p>[vc_row visibility=&#8221;hidden-phone&#8221;][vc_column width=&#8221;1\/2&#8243;][\/vc_column][vc_column width=&#8221;1\/2&#8243;][\/vc_column][\/vc_row][vc_row content_placement=&#8221;bottom&#8221;][vc_column width=&#8221;1\/2&#8243;][vc_column_text] Presentaci\u00f3n Facad es un programa muy potente, flexible y f\u00e1cil de utilizar con el que se pueden realizar tanto trazados con an\u00e1lisis cefalom\u00e9tricos como simulaciones de tratamiento con predicci\u00f3n del perfil blando. Lista de pacientes Lista de trazados de pacientes en Facad: r\u00e1pida facilidad de b\u00fasqueda\/filtro para un paciente&hellip;<\/p>\n","protected":false},"author":2,"featured_media":0,"parent":0,"menu_order":0,"comment_status":"closed","ping_status":"closed","template":"","meta":{"footnotes":""},"class_list":["post-2386","page","type-page","status-publish","hentry","entry","no-media"],"_links":{"self":[{"href":"https:\/\/www.facad.com\/wp\/wp-json\/wp\/v2\/pages\/2386","targetHints":{"allow":["GET"]}}],"collection":[{"href":"https:\/\/www.facad.com\/wp\/wp-json\/wp\/v2\/pages"}],"about":[{"href":"https:\/\/www.facad.com\/wp\/wp-json\/wp\/v2\/types\/page"}],"author":[{"embeddable":true,"href":"https:\/\/www.facad.com\/wp\/wp-json\/wp\/v2\/users\/2"}],"replies":[{"embeddable":true,"href":"https:\/\/www.facad.com\/wp\/wp-json\/wp\/v2\/comments?post=2386"}],"version-history":[{"count":6,"href":"https:\/\/www.facad.com\/wp\/wp-json\/wp\/v2\/pages\/2386\/revisions"}],"predecessor-version":[{"id":3087,"href":"https:\/\/www.facad.com\/wp\/wp-json\/wp\/v2\/pages\/2386\/revisions\/3087"}],"wp:attachment":[{"href":"https:\/\/www.facad.com\/wp\/wp-json\/wp\/v2\/media?parent=2386"}],"curies":[{"name":"wp","href":"https:\/\/api.w.org\/{rel}","templated":true}]}}