{"id":2329,"date":"2018-05-29T08:29:40","date_gmt":"2018-05-29T08:29:40","guid":{"rendered":"http:\/\/www.facad.com\/wp\/?page_id=2329"},"modified":"2019-01-23T08:52:42","modified_gmt":"2019-01-23T08:52:42","slug":"tiops-cooperation","status":"publish","type":"page","link":"https:\/\/www.facad.com\/wp\/tiops-cooperation\/?lang=da","title":{"rendered":"TIOPS cooperation"},"content":{"rendered":"[vc_row][vc_column][vc_column_text]\n<h1>Samarbejde med Tiops<\/h1>\n<div class=\"single-blog-content entry clr\">\n<p>I Mars 2017, gik Facad ind i et samarbejde med det Danske ortodonti\/tandregulerings\/planl\u00e6gnings software <strong>TIOPS<\/strong> (Total Interactive Orthodontic Planning System), en i det Danske marked meget vel etableret software, udviklet helt siden 1985 og som siden da har v\u00e6ret i brug i Danmark.<\/p>\n<\/div>\n[\/vc_column_text][\/vc_column][\/vc_row][vc_row][vc_column width=&#8221;1\/4&#8243;]<figure class=\"vcex-image vcex-module\"><div class=\"vcex-image-inner wpex-relative wpex-inline-block\"><img width=\"499\" height=\"280\" src=\"https:\/\/www.facad.com\/wp\/wp-content\/uploads\/2018\/04\/TIOPS_LOGO_h280.png\" class=\"vcex-image-img wpex-align-middle\" alt=\"\" loading=\"lazy\" decoding=\"async\" srcset=\"https:\/\/www.facad.com\/wp\/wp-content\/uploads\/2018\/04\/TIOPS_LOGO_h280.png 499w, https:\/\/www.facad.com\/wp\/wp-content\/uploads\/2018\/04\/TIOPS_LOGO_h280-300x168.png 300w\" sizes=\"auto, (max-width: 499px) 100vw, 499px\" \/><\/div><\/figure>[\/vc_column][vc_column width=&#8221;3\/4&#8243;][vc_column_text]Jens Bj\u00f8rn-J\u00f8rgensen, direkt\u00f6r for TIOPS Danmark er ogs\u00e5 blevet en meget velkommen ekstern partner i udviklingsteamet hos Ilexis AB, der producerer det orthodontiske tracing software Facad. Planen er at indf\u00f8re en stor del af de meget avancerede og unikke TIOPS funktioner i Facad programmet i de n\u00e6rmest kommende Facad versioner.<\/p>\n<p>TIOPS d\u00e6kkede i slutningen af 2016 cirka halvdelen af det Danske ortodonti marked, men er nu stoppet helt, med at videreudvikle Tiops softwaren yderligere. Med dette samarbejde vil TIOPS\u2019 unikke funktionaliteter blive tildbudt i de kommende releaser af Facad. Facad er et EC certificeret (CE marked) software, if\u00f8lge direktiv 93\/42\/EEC on Medical Devices, annex II (MDD).<\/p>\n<p>Vi vil derfor opfordre s\u00e5vel eksisterende Tiops brugere, som brugere af andre software produkter til at overveje Facad som erstatning for TIOPS m. fl.[\/vc_column_text][\/vc_column][\/vc_row][vc_row][vc_column][vc_column_text]\n<h3>Facad version 3.9.2<\/h3>\n<p><em><strong>Bj\u00f8rk\/TIOPS analysen<\/strong> <\/em>er blevet inkluderet i Facads standard cephalometriske analyser.<\/p>\n<h3>Facad version 3.10<\/h3>\n<p>Inl\u00e6sning av Tiops patientfiler: \u00c5bn\/konvertering af <em><strong>TIOPS data filer<\/strong> <\/em>og funktionalitet for <em><strong>v\u00e6kst analyse\/simulering<\/strong> <\/em>(som i TIOPS) er nu blevet inkluderet i Facad.<\/p>\n<h3>Fremtidig udvikling<\/h3>\n<p>Den n\u00e6ste TIOPS funktionalitet vi lige nu ser p\u00e5 er bl.a. at lave <em><strong>automatiserede behandlings forslag<\/strong> <\/em>i Facad.<\/p>\n<p>&nbsp;[\/vc_column_text][\/vc_column][\/vc_row]\n","protected":false},"excerpt":{"rendered":"<p>[vc_row][vc_column][vc_column_text] Samarbejde med Tiops I Mars 2017, gik Facad ind i et samarbejde med det Danske ortodonti\/tandregulerings\/planl\u00e6gnings software TIOPS (Total Interactive Orthodontic Planning System), en i det Danske marked meget vel etableret software, udviklet helt siden 1985 og som siden da har v\u00e6ret i brug i Danmark. [\/vc_column_text][\/vc_column][\/vc_row][vc_row][vc_column width=&#8221;1\/4&#8243;][\/vc_column][vc_column width=&#8221;3\/4&#8243;][vc_column_text]Jens Bj\u00f8rn-J\u00f8rgensen, direkt\u00f6r for TIOPS Danmark&hellip;<\/p>\n","protected":false},"author":2,"featured_media":0,"parent":0,"menu_order":0,"comment_status":"closed","ping_status":"closed","template":"","meta":{"footnotes":""},"class_list":["post-2329","page","type-page","status-publish","hentry","entry","no-media"],"_links":{"self":[{"href":"https:\/\/www.facad.com\/wp\/wp-json\/wp\/v2\/pages\/2329","targetHints":{"allow":["GET"]}}],"collection":[{"href":"https:\/\/www.facad.com\/wp\/wp-json\/wp\/v2\/pages"}],"about":[{"href":"https:\/\/www.facad.com\/wp\/wp-json\/wp\/v2\/types\/page"}],"author":[{"embeddable":true,"href":"https:\/\/www.facad.com\/wp\/wp-json\/wp\/v2\/users\/2"}],"replies":[{"embeddable":true,"href":"https:\/\/www.facad.com\/wp\/wp-json\/wp\/v2\/comments?post=2329"}],"version-history":[{"count":5,"href":"https:\/\/www.facad.com\/wp\/wp-json\/wp\/v2\/pages\/2329\/revisions"}],"predecessor-version":[{"id":3124,"href":"https:\/\/www.facad.com\/wp\/wp-json\/wp\/v2\/pages\/2329\/revisions\/3124"}],"wp:attachment":[{"href":"https:\/\/www.facad.com\/wp\/wp-json\/wp\/v2\/media?parent=2329"}],"curies":[{"name":"wp","href":"https:\/\/api.w.org\/{rel}","templated":true}]}}