{"id":2292,"date":"2018-03-01T13:54:21","date_gmt":"2018-03-01T13:54:21","guid":{"rendered":"http:\/\/www.facad.com\/wp\/?page_id=2292"},"modified":"2021-01-12T12:25:47","modified_gmt":"2021-01-12T12:25:47","slug":"how-to-movies","status":"publish","type":"page","link":"https:\/\/www.facad.com\/wp\/how-to-movies\/?lang=fi","title":{"rendered":"How to &#8211; Movies"},"content":{"rendered":"[vc_row][vc_column][vc_column_text]\n<h1>Ohjevideot<\/h1>\n<p>Kuinka Facad-ohjelmistoa k\u00e4ytet\u00e4\u00e4n (videoissa englanninkielinen tekstitys).<\/p>\n[\/vc_column_text][\/vc_column][\/vc_row][vc_row][vc_column]<style>.vcex-list_item.vcex_69f1b375b69e7 .vcex-list-item-icon-inner{color:#4d7900;}<\/style><div class=\"vcex-list_item vcex-module wpex-m-0 wpex-max-w-100 wpex-mb-5 vcex_69f1b375b69e7\"><a  href=\"https:\/\/www.facad.com\/wp\/mov\/ImportJPG\/ImportJPG.html\" target=\"_blank\" rel=\"noopener noreferrer\" class=\"vcex-list-item-link wpex-no-underline\"><div class=\"vcex-list-item-inner wpex-inline-flex wpex-flex-no-wrap\"><div class=\"vcex-list-item-icon wpex-mr-10\"><div class=\"vcex-list-item-icon-inner vcex-icon-wrap wpex-inline-flex wpex-justify-center wpex-items-center wpex-leading-none wpex-child-inherit-color\"><span class=\"ticon ticon-film\" aria-hidden=\"true\"><\/span><\/div><\/div><div class=\"vcex-list-item-text vcex-content wpex-flex-grow\">Create a new patient and import an image file<\/div><\/div><\/a><\/div><style>.vcex-list_item.vcex_69f1b375b74d0 .vcex-list-item-icon-inner{color:#4d7900;}<\/style><div class=\"vcex-list_item vcex-module wpex-m-0 wpex-max-w-100 wpex-mb-5 vcex_69f1b375b74d0\"><a  href=\"https:\/\/www.facad.com\/wp\/mov\/ImportDicom\/ImportDicom.html\" target=\"_blank\" rel=\"noopener noreferrer\" class=\"vcex-list-item-link wpex-no-underline\"><div class=\"vcex-list-item-inner wpex-inline-flex wpex-flex-no-wrap\"><div class=\"vcex-list-item-icon wpex-mr-10\"><div class=\"vcex-list-item-icon-inner vcex-icon-wrap wpex-inline-flex wpex-justify-center wpex-items-center wpex-leading-none wpex-child-inherit-color\"><span class=\"ticon ticon-film\" aria-hidden=\"true\"><\/span><\/div><\/div><div class=\"vcex-list-item-text vcex-content wpex-flex-grow\">Create a new patient and import a DICOM image file<\/div><\/div><\/a><\/div><style>.vcex-list_item.vcex_69f1b375b790e .vcex-list-item-icon-inner{color:#4d7900;}<\/style><div class=\"vcex-list_item vcex-module wpex-m-0 wpex-max-w-100 wpex-mb-5 vcex_69f1b375b790e\"><a  href=\"https:\/\/www.facad.com\/wp\/mov\/NewTracing\/NewTracing.html\" target=\"_blank\" rel=\"noopener noreferrer\" class=\"vcex-list-item-link wpex-no-underline\"><div class=\"vcex-list-item-inner wpex-inline-flex wpex-flex-no-wrap\"><div class=\"vcex-list-item-icon wpex-mr-10\"><div class=\"vcex-list-item-icon-inner vcex-icon-wrap wpex-inline-flex wpex-justify-center wpex-items-center wpex-leading-none wpex-child-inherit-color\"><span class=\"ticon ticon-film\" aria-hidden=\"true\"><\/span><\/div><\/div><div class=\"vcex-list-item-text vcex-content wpex-flex-grow\">Create and open a new tracing<\/div><\/div><\/a><\/div><style>.vcex-list_item.vcex_69f1b375b7da1 .vcex-list-item-icon-inner{color:#4d7900;}<\/style><div class=\"vcex-list_item vcex-module wpex-m-0 wpex-max-w-100 wpex-mb-5 vcex_69f1b375b7da1\"><a  href=\"https:\/\/www.facad.com\/wp\/mov\/Calibration\/Calibration.html\" target=\"_blank\" rel=\"noopener noreferrer\" class=\"vcex-list-item-link wpex-no-underline\"><div class=\"vcex-list-item-inner wpex-inline-flex wpex-flex-no-wrap\"><div class=\"vcex-list-item-icon wpex-mr-10\"><div class=\"vcex-list-item-icon-inner vcex-icon-wrap wpex-inline-flex wpex-justify-center wpex-items-center wpex-leading-none wpex-child-inherit-color\"><span class=\"ticon ticon-film\" aria-hidden=\"true\"><\/span><\/div><\/div><div class=\"vcex-list-item-text vcex-content wpex-flex-grow\">Calibrate x-ray images<\/div><\/div><\/a><\/div><style>.vcex-list_item.vcex_69f1b375b8251 .vcex-list-item-icon-inner{color:#4d7900;}<\/style><div class=\"vcex-list_item vcex-module wpex-m-0 wpex-max-w-100 wpex-mb-5 vcex_69f1b375b8251\"><div class=\"vcex-list-item-inner wpex-inline-flex wpex-flex-no-wrap\"><div class=\"vcex-list-item-icon wpex-mr-10\"><div class=\"vcex-list-item-icon-inner vcex-icon-wrap wpex-inline-flex wpex-justify-center wpex-items-center wpex-leading-none wpex-child-inherit-color\"><span class=\"ticon ticon-film\" aria-hidden=\"true\"><\/span><\/div><\/div><div class=\"vcex-list-item-text vcex-content wpex-flex-grow\">More movies to come &#8230;<\/div><\/div><\/div>[\/vc_column][\/vc_row][vc_row][vc_column][vc_separator color=&#8221;custom&#8221; border_width=&#8221;2&#8243; accent_color=&#8221;#4d7900&#8243;][vc_column_text]\n<h5>Instruction movies from a previous software version<\/h5>\n<p>While waiting for the new instruction movies to be done, the video clips from version 3.8 are still available below. In many aspects, they are still relevant.<\/p>\n<p>&nbsp;[\/vc_column_text]<style>.vcex-list_item.vcex_69f1b375b8699 .vcex-list-item-icon-inner{color:#4d7900;}<\/style><div class=\"vcex-list_item vcex-module wpex-m-0 wpex-max-w-100 wpex-mb-5 vcex_69f1b375b8699\"><a  href=\"https:\/\/www.facad.com\/wp\/wp-content\/uploads\/2018\/05\/FacadPlaceMarkersWeb.mp4\" target=\"_blank\" rel=\"noopener noreferrer\" class=\"vcex-list-item-link wpex-no-underline\"><div class=\"vcex-list-item-inner wpex-inline-flex wpex-flex-no-wrap\"><div class=\"vcex-list-item-icon wpex-mr-10\"><div class=\"vcex-list-item-icon-inner vcex-icon-wrap wpex-inline-flex wpex-justify-center wpex-items-center wpex-leading-none wpex-child-inherit-color\"><span class=\"ticon ticon-film\" aria-hidden=\"true\"><\/span><\/div><\/div><div class=\"vcex-list-item-text vcex-content wpex-flex-grow\">Place markers (landmarks)<\/div><\/div><\/a><\/div><style>.vcex-list_item.vcex_69f1b375b8b5c .vcex-list-item-icon-inner{color:#4d7900;}<\/style><div class=\"vcex-list_item vcex-module wpex-m-0 wpex-max-w-100 wpex-mb-5 vcex_69f1b375b8b5c\"><a  href=\"https:\/\/www.facad.com\/wp\/wp-content\/uploads\/2018\/05\/HardTissue1-Web.mp4\" target=\"_blank\" rel=\"noopener noreferrer\" class=\"vcex-list-item-link wpex-no-underline\"><div class=\"vcex-list-item-inner wpex-inline-flex wpex-flex-no-wrap\"><div class=\"vcex-list-item-icon wpex-mr-10\"><div class=\"vcex-list-item-icon-inner vcex-icon-wrap wpex-inline-flex wpex-justify-center wpex-items-center wpex-leading-none wpex-child-inherit-color\"><span class=\"ticon ticon-film\" aria-hidden=\"true\"><\/span><\/div><\/div><div class=\"vcex-list-item-text vcex-content wpex-flex-grow\">Place\/Draw molars and Maxilla &#038; Mandible<\/div><\/div><\/a><\/div><style>.vcex-list_item.vcex_69f1b375b8fce .vcex-list-item-icon-inner{color:#4d7900;}<\/style><div class=\"vcex-list_item vcex-module wpex-m-0 wpex-max-w-100 wpex-mb-5 vcex_69f1b375b8fce\"><a  href=\"https:\/\/www.facad.com\/wp\/wp-content\/uploads\/2018\/05\/HardTissue2-Web.mp4\" target=\"_blank\" rel=\"noopener noreferrer\" class=\"vcex-list-item-link wpex-no-underline\"><div class=\"vcex-list-item-inner wpex-inline-flex wpex-flex-no-wrap\"><div class=\"vcex-list-item-icon wpex-mr-10\"><div class=\"vcex-list-item-icon-inner vcex-icon-wrap wpex-inline-flex wpex-justify-center wpex-items-center wpex-leading-none wpex-child-inherit-color\"><span class=\"ticon ticon-film\" aria-hidden=\"true\"><\/span><\/div><\/div><div class=\"vcex-list-item-text vcex-content wpex-flex-grow\">Place\/Draw other hard tissue<\/div><\/div><\/a><\/div><style>.vcex-list_item.vcex_69f1b375b9468 .vcex-list-item-icon-inner{color:#4d7900;}<\/style><div class=\"vcex-list_item vcex-module wpex-m-0 wpex-max-w-100 wpex-mb-5 vcex_69f1b375b9468\"><a  href=\"https:\/\/www.facad.com\/wp\/wp-content\/uploads\/2018\/05\/Profile-Web.mp4\" target=\"_blank\" rel=\"noopener noreferrer\" class=\"vcex-list-item-link wpex-no-underline\"><div class=\"vcex-list-item-inner wpex-inline-flex wpex-flex-no-wrap\"><div class=\"vcex-list-item-icon wpex-mr-10\"><div class=\"vcex-list-item-icon-inner vcex-icon-wrap wpex-inline-flex wpex-justify-center wpex-items-center wpex-leading-none wpex-child-inherit-color\"><span class=\"ticon ticon-film\" aria-hidden=\"true\"><\/span><\/div><\/div><div class=\"vcex-list-item-text vcex-content wpex-flex-grow\">Create soft tissue profile line<\/div><\/div><\/a><\/div><style>.vcex-list_item.vcex_69f1b375b98fe .vcex-list-item-icon-inner{color:#4d7900;}<\/style><div class=\"vcex-list_item vcex-module wpex-m-0 wpex-max-w-100 wpex-mb-5 vcex_69f1b375b98fe\"><a  href=\"https:\/\/www.facad.com\/wp\/wp-content\/uploads\/2018\/05\/Attach_Match-Web.mp4\" target=\"_blank\" rel=\"noopener noreferrer\" class=\"vcex-list-item-link wpex-no-underline\"><div class=\"vcex-list-item-inner wpex-inline-flex wpex-flex-no-wrap\"><div class=\"vcex-list-item-icon wpex-mr-10\"><div class=\"vcex-list-item-icon-inner vcex-icon-wrap wpex-inline-flex wpex-justify-center wpex-items-center wpex-leading-none wpex-child-inherit-color\"><span class=\"ticon ticon-film\" aria-hidden=\"true\"><\/span><\/div><\/div><div class=\"vcex-list-item-text vcex-content wpex-flex-grow\">Working with a profile photo<\/div><\/div><\/a><\/div><style>.vcex-list_item.vcex_69f1b375b9ef8 .vcex-list-item-icon-inner{color:#4d7900;}<\/style><div class=\"vcex-list_item vcex-module wpex-m-0 wpex-max-w-100 wpex-mb-5 vcex_69f1b375b9ef8\"><a  href=\"https:\/\/www.facad.com\/wp\/wp-content\/uploads\/2018\/05\/Superp-Web.mp4\" target=\"_blank\" rel=\"noopener noreferrer\" class=\"vcex-list-item-link wpex-no-underline\"><div class=\"vcex-list-item-inner wpex-inline-flex wpex-flex-no-wrap\"><div class=\"vcex-list-item-icon wpex-mr-10\"><div class=\"vcex-list-item-icon-inner vcex-icon-wrap wpex-inline-flex wpex-justify-center wpex-items-center wpex-leading-none wpex-child-inherit-color\"><span class=\"ticon ticon-film\" aria-hidden=\"true\"><\/span><\/div><\/div><div class=\"vcex-list-item-text vcex-content wpex-flex-grow\">Superimpose tracings and x-ray images<\/div><\/div><\/a><\/div><style>.vcex-list_item.vcex_69f1b375ba404 .vcex-list-item-icon-inner{color:#4d7900;}<\/style><div class=\"vcex-list_item vcex-module wpex-m-0 wpex-max-w-100 wpex-mb-5 vcex_69f1b375ba404\"><a  href=\"https:\/\/www.facad.com\/wp\/wp-content\/uploads\/2018\/05\/Planning-Web.mp4\" target=\"_blank\" rel=\"noopener noreferrer\" class=\"vcex-list-item-link wpex-no-underline\"><div class=\"vcex-list-item-inner wpex-inline-flex wpex-flex-no-wrap\"><div class=\"vcex-list-item-icon wpex-mr-10\"><div class=\"vcex-list-item-icon-inner vcex-icon-wrap wpex-inline-flex wpex-justify-center wpex-items-center wpex-leading-none wpex-child-inherit-color\"><span class=\"ticon ticon-film\" aria-hidden=\"true\"><\/span><\/div><\/div><div class=\"vcex-list-item-text vcex-content wpex-flex-grow\">Treatment planning<\/div><\/div><\/a><\/div>[\/vc_column][\/vc_row]\n","protected":false},"excerpt":{"rendered":"<p>[vc_row][vc_column][vc_column_text] Ohjevideot Kuinka Facad-ohjelmistoa k\u00e4ytet\u00e4\u00e4n (videoissa englanninkielinen tekstitys). [\/vc_column_text][\/vc_column][\/vc_row][vc_row][vc_column][\/vc_column][\/vc_row][vc_row][vc_column][vc_separator color=&#8221;custom&#8221; border_width=&#8221;2&#8243; accent_color=&#8221;#4d7900&#8243;][vc_column_text] Instruction movies from a previous software version While waiting for the new instruction movies to be done, the video clips from version 3.8 are still available below. In many aspects, they are still relevant. &nbsp;[\/vc_column_text][\/vc_column][\/vc_row]<\/p>\n","protected":false},"author":1,"featured_media":0,"parent":0,"menu_order":0,"comment_status":"closed","ping_status":"closed","template":"","meta":{"footnotes":""},"class_list":["post-2292","page","type-page","status-publish","hentry","entry","no-media"],"_links":{"self":[{"href":"https:\/\/www.facad.com\/wp\/wp-json\/wp\/v2\/pages\/2292","targetHints":{"allow":["GET"]}}],"collection":[{"href":"https:\/\/www.facad.com\/wp\/wp-json\/wp\/v2\/pages"}],"about":[{"href":"https:\/\/www.facad.com\/wp\/wp-json\/wp\/v2\/types\/page"}],"author":[{"embeddable":true,"href":"https:\/\/www.facad.com\/wp\/wp-json\/wp\/v2\/users\/1"}],"replies":[{"embeddable":true,"href":"https:\/\/www.facad.com\/wp\/wp-json\/wp\/v2\/comments?post=2292"}],"version-history":[{"count":5,"href":"https:\/\/www.facad.com\/wp\/wp-json\/wp\/v2\/pages\/2292\/revisions"}],"predecessor-version":[{"id":5865,"href":"https:\/\/www.facad.com\/wp\/wp-json\/wp\/v2\/pages\/2292\/revisions\/5865"}],"wp:attachment":[{"href":"https:\/\/www.facad.com\/wp\/wp-json\/wp\/v2\/media?parent=2292"}],"curies":[{"name":"wp","href":"https:\/\/api.w.org\/{rel}","templated":true}]}}