{"id":2230,"date":"2018-05-26T22:08:00","date_gmt":"2018-05-26T22:08:00","guid":{"rendered":"http:\/\/www.facad.com\/wp\/?page_id=2230"},"modified":"2019-01-22T15:32:57","modified_gmt":"2019-01-22T15:32:57","slug":"superimposition","status":"publish","type":"page","link":"https:\/\/www.facad.com\/wp\/superimposition\/?lang=fi","title":{"rendered":"Superimposition"},"content":{"rendered":"[vc_row visibility=&#8221;hidden-phone&#8221;][vc_column width=&#8221;1\/2&#8243;]<a href=\"http:\/\/www.facad.com\/wp\/frontal-pa-analyses\/?lang=fi\" class=\"vcex-button theme-button clean align-left inline\" style=\"color:#4d7900;\"><span class=\"vcex-button-inner theme-button-inner\"><span class=\"vcex-button-icon vcex-icon-wrap theme-button-icon-left\"><span aria-hidden=\"true\" class=\"typcn typcn-arrow-left-thick\"><\/span><\/span>Edellinen<\/span><\/a> [\/vc_column][vc_column width=&#8221;1\/2&#8243;]<a href=\"http:\/\/www.facad.com\/wp\/output\/?lang=fi\" class=\"vcex-button theme-button clean align-right inline\" style=\"color:#4d7900;\"><span class=\"vcex-button-inner theme-button-inner\">Seuraava<span class=\"vcex-button-icon vcex-icon-wrap theme-button-icon-right\"><span aria-hidden=\"true\" class=\"typcn typcn-arrow-right-thick\"><\/span><\/span><\/span><\/a> [\/vc_column][\/vc_row][vc_row][vc_column width=&#8221;2\/3&#8243;][vc_column_text]\n<h1 class=\"NORMAL\"><span class=\"rubrik\"><strong>Limitt\u00e4minen<\/strong><\/span><\/h1>\n<div class=\"NORMAL\">\n<p>Limitt\u00e4minen-ikkunan tarkoitus on useamman suunnitelman visuaalinen vertailu. On mahdollista visualisoida yht\u00e4aikaisesti jopa viitt\u00e4 eri suunnitelmaa. Useamman limitetyn suunnitelman analyysiarvot voidaan n\u00e4ytt\u00e4\u00e4 yht\u00e4aikaisesti.<\/p>\n<p>Suunnitelmien kohdistaminen toteutetaan:<\/p>\n<ul>\n<li>Siirto yhden referenssipisteen ja kierto yhden referenssilinjan kautta<\/li>\n<li>Siirto, kierto ja skaalaus 2:n tai useamman referenssipisteen kautta<\/li>\n<li>Manuaalinen kohdistaminen k\u00e4ytt\u00e4en vakiintuneita luustorakenteita<\/li>\n<\/ul>\n<p>Professori Arne Bj\u00f6rkin \u201dStrukturaalinen menetelm\u00e4\u201d (valmiit implanttilinjat) voidaan helposti suorittaa.<\/p>\n<p>On my\u00f6s mahdollista n\u00e4ytt\u00e4\u00e4 p\u00e4\u00e4llekk\u00e4in kaksi r\u00f6ntgenkuvaa yht\u00e4aikaisesti l\u00e4pin\u00e4kyvyys-efektin avulla.<\/p>\n<\/div>\n[\/vc_column_text][\/vc_column][vc_column width=&#8221;1\/3&#8243;]<figure class=\"vcex-image vcex-module textleft\"><div class=\"vcex-image-inner wpex-relative wpex-inline-block\"><img width=\"643\" height=\"793\" src=\"https:\/\/www.facad.com\/wp\/wp-content\/uploads\/2018\/03\/Superimposition.gif\" class=\"vcex-image-img wpex-align-middle\" alt=\"\" loading=\"lazy\" decoding=\"async\" \/><\/div><\/figure>[\/vc_column][\/vc_row][vc_row][vc_column][vc_separator color=&#8221;custom&#8221; border_width=&#8221;2&#8243; accent_color=&#8221;#4d7900&#8243;][\/vc_column][\/vc_row][vc_row][vc_column width=&#8221;2\/3&#8243;][vc_column_text]\n<h3><span class=\"rubrik\"><strong>N\u00e4yt\u00e4 kuvat p\u00e4\u00e4llekk\u00e4in<\/strong><\/span><\/h3>\n<p>Facadissa voit n\u00e4ytt\u00e4\u00e4 profiilivalokuvan ja r\u00f6ntgenkuvan yht\u00e4aikaisesti p\u00e4\u00e4llekk\u00e4in l\u00e4pin\u00e4kyvyys-efektin avulla. Kuvien blendausta eli l\u00e4pin\u00e4kyvyyden astetta voi s\u00e4\u00e4t\u00e4\u00e4.[\/vc_column_text][\/vc_column][vc_column width=&#8221;1\/3&#8243;]<figure class=\"vcex-image vcex-module textcenter\"><div class=\"vcex-image-inner wpex-relative wpex-inline-block\"><img width=\"506\" height=\"695\" src=\"https:\/\/www.facad.com\/wp\/wp-content\/uploads\/2018\/03\/BlendedImages.jpg\" class=\"vcex-image-img wpex-align-middle\" alt=\"\" loading=\"lazy\" decoding=\"async\" srcset=\"https:\/\/www.facad.com\/wp\/wp-content\/uploads\/2018\/03\/BlendedImages.jpg 506w, https:\/\/www.facad.com\/wp\/wp-content\/uploads\/2018\/03\/BlendedImages-218x300.jpg 218w\" sizes=\"auto, (max-width: 506px) 100vw, 506px\" \/><\/div><\/figure>[\/vc_column][\/vc_row][vc_row][vc_column][vc_separator color=&#8221;custom&#8221; border_width=&#8221;2&#8243; accent_color=&#8221;#4d7900&#8243;][\/vc_column][\/vc_row][vc_row][vc_column width=&#8221;1\/2&#8243;]<a href=\"http:\/\/www.facad.com\/wp\/frontal-pa-analyses\/?lang=fi\" class=\"vcex-button theme-button clean align-left inline\" style=\"color:#4d7900;\"><span class=\"vcex-button-inner theme-button-inner\"><span class=\"vcex-button-icon vcex-icon-wrap theme-button-icon-left\"><span aria-hidden=\"true\" class=\"typcn typcn-arrow-left-thick\"><\/span><\/span>Edellinen<\/span><\/a> [\/vc_column][vc_column width=&#8221;1\/2&#8243;]<a href=\"http:\/\/www.facad.com\/wp\/output\/?lang=fi\" class=\"vcex-button theme-button clean align-right inline\" style=\"color:#4d7900;\"><span class=\"vcex-button-inner theme-button-inner\">Seuraava<span class=\"vcex-button-icon vcex-icon-wrap theme-button-icon-right\"><span aria-hidden=\"true\" class=\"typcn typcn-arrow-right-thick\"><\/span><\/span><\/span><\/a> [\/vc_column][\/vc_row]\n","protected":false},"excerpt":{"rendered":"<p>[vc_row visibility=&#8221;hidden-phone&#8221;][vc_column width=&#8221;1\/2&#8243;][\/vc_column][vc_column width=&#8221;1\/2&#8243;][\/vc_column][\/vc_row][vc_row][vc_column width=&#8221;2\/3&#8243;][vc_column_text] Limitt\u00e4minen Limitt\u00e4minen-ikkunan tarkoitus on useamman suunnitelman visuaalinen vertailu. On mahdollista visualisoida yht\u00e4aikaisesti jopa viitt\u00e4 eri suunnitelmaa. Useamman limitetyn suunnitelman analyysiarvot voidaan n\u00e4ytt\u00e4\u00e4 yht\u00e4aikaisesti. Suunnitelmien kohdistaminen toteutetaan: Siirto yhden referenssipisteen ja kierto yhden referenssilinjan kautta Siirto, kierto ja skaalaus 2:n tai useamman referenssipisteen kautta Manuaalinen kohdistaminen k\u00e4ytt\u00e4en vakiintuneita luustorakenteita Professori Arne&hellip;<\/p>\n","protected":false},"author":2,"featured_media":0,"parent":0,"menu_order":0,"comment_status":"closed","ping_status":"closed","template":"","meta":{"footnotes":""},"class_list":["post-2230","page","type-page","status-publish","hentry","entry","no-media"],"_links":{"self":[{"href":"https:\/\/www.facad.com\/wp\/wp-json\/wp\/v2\/pages\/2230","targetHints":{"allow":["GET"]}}],"collection":[{"href":"https:\/\/www.facad.com\/wp\/wp-json\/wp\/v2\/pages"}],"about":[{"href":"https:\/\/www.facad.com\/wp\/wp-json\/wp\/v2\/types\/page"}],"author":[{"embeddable":true,"href":"https:\/\/www.facad.com\/wp\/wp-json\/wp\/v2\/users\/2"}],"replies":[{"embeddable":true,"href":"https:\/\/www.facad.com\/wp\/wp-json\/wp\/v2\/comments?post=2230"}],"version-history":[{"count":6,"href":"https:\/\/www.facad.com\/wp\/wp-json\/wp\/v2\/pages\/2230\/revisions"}],"predecessor-version":[{"id":3068,"href":"https:\/\/www.facad.com\/wp\/wp-json\/wp\/v2\/pages\/2230\/revisions\/3068"}],"wp:attachment":[{"href":"https:\/\/www.facad.com\/wp\/wp-json\/wp\/v2\/media?parent=2230"}],"curies":[{"name":"wp","href":"https:\/\/api.w.org\/{rel}","templated":true}]}}