{"id":2214,"date":"2018-05-26T21:55:10","date_gmt":"2018-05-26T21:55:10","guid":{"rendered":"http:\/\/www.facad.com\/wp\/?page_id=2214"},"modified":"2022-12-20T12:21:54","modified_gmt":"2022-12-20T12:21:54","slug":"plugin-programs","status":"publish","type":"page","link":"https:\/\/www.facad.com\/wp\/plugin-programs\/?lang=fi","title":{"rendered":"Plugin programs"},"content":{"rendered":"[vc_row visibility=&#8221;hidden-phone&#8221;][vc_column width=&#8221;1\/2&#8243;]<a href=\"http:\/\/www.facad.com\/wp\/images\/?lang=fi\" class=\"vcex-button theme-button clean align-left inline\" style=\"color:#4d7900;\"><span class=\"vcex-button-inner theme-button-inner\"><span class=\"vcex-button-icon vcex-icon-wrap theme-button-icon-left\"><span aria-hidden=\"true\" class=\"typcn typcn-arrow-left-thick\"><\/span><\/span>Edellinen<\/span><\/a> [\/vc_column][vc_column width=&#8221;1\/2&#8243;]<a href=\"http:\/\/www.facad.com\/wp\/tracing\/?lang=fi\" class=\"vcex-button theme-button clean align-right inline\" style=\"color:#4d7900;\"><span class=\"vcex-button-inner theme-button-inner\">Seuraava<span class=\"vcex-button-icon vcex-icon-wrap theme-button-icon-right\"><span aria-hidden=\"true\" class=\"typcn typcn-arrow-right-thick\"><\/span><\/span><\/span><\/a> [\/vc_column][\/vc_row][vc_row][vc_column][vc_column_text]\n<h1><strong>Liitett\u00e4v\u00e4t ohjelmat<\/strong><\/h1>\n<p>Facad on mukautettu ottamaan vastaan potilastietoja ja digitaalikuvia toisista ohjelmista kuten digitaalir\u00f6ntgenkuvantamis-, potilastietoj\u00e4rjestelm\u00e4- ja PACS-ohjelmista.<br \/>\nSeuraava lista sis\u00e4lt\u00e4\u00e4 esimerkkej\u00e4 j\u00e4rjestelmist\u00e4 ja ohjelmista, joihin Facadilla on liit\u00e4nn\u00e4t jo olemassa:[\/vc_column_text][\/vc_column][\/vc_row][vc_row][vc_column width=&#8221;1\/2&#8243;][vc_column_text]\n<ul>\n<li>CliniView<\/li>\n<li>DTX Clinic<\/li>\n<li>Soredex Scanora and Digora<\/li>\n<li>Planmeca Romexis and Dimaxis<\/li>\n<li>Sirona Sidexis<\/li>\n<li>OnePix and CDR Dicom (Schick)<\/li>\n<li>D\u00fcrr Vistasoft and DBSwin<\/li>\n<li>Gendex Vixwin<\/li>\n<li>Carestream Dental (Kodak)<\/li>\n<li>Kodak T4<\/li>\n<li>ProCuris Edward\/Paul\/Arion<\/li>\n<li>DentalEye<\/li>\n<li>Effica Viewer (Tieto)<\/li>\n<li>VisiQuick (Citodent Imaging)<\/li>\n<li>Mediadent (Imagelevel)<\/li>\n<li>VDDS interface<\/li>\n<li>Oase (VST Software)<\/li>\n<li>OrthoPLAN (FIS Automatisering)<\/li>\n<li>Titanium (Flexsoft)<\/li>\n<li>Opus Dental<\/li>\n<li>Orthodontis<\/li>\n<li>TK2 (DSI Data)<\/li>\n<li>TM Tand (Solteq)<\/li>\n<li>Frenda<\/li>\n<li>Muntra<\/li>\n<li>Sectra IDS7 PACS<\/li>\n<li>PACS-j\u00e4rjestelm\u00e4t, miss\u00e4 <em>Dicom Send<\/em>-toiminnallisuus (Facad = <em>Image Storage SCP<\/em>)<\/li>\n<li>+ mik\u00e4 tahansa ohjelma, joka voi exportoida kuvia kuvatiedostoiksi Dicom-muotoisena.<\/li>\n<\/ul>\n[\/vc_column_text][\/vc_column][vc_column width=&#8221;1\/2&#8243;][\/vc_column][\/vc_row][vc_row][vc_column width=&#8221;1\/2&#8243;][vc_column_text]\n<h3><strong>Kefalometristen arvojen esitt\u00e4minen potilastietoj\u00e4rjestelmiss\u00e4<\/strong><\/h3>\n<p>Facadista l\u00f6ytyy plugin-ohjelma (<strong><code>FacadExportCephDataPlugin<\/code><\/strong>), joka mahdollistaa kefalometristen arvohen n\u00e4ytt\u00e4misen potilastietoj\u00e4rjestelmiss\u00e4, mm. Opus Dental, Orthodontis ja Oase.[\/vc_column_text][\/vc_column][vc_column width=&#8221;1\/2&#8243;][\/vc_column][\/vc_row][vc_row][vc_column][vc_separator color=&#8221;custom&#8221; border_width=&#8221;2&#8243; accent_color=&#8221;#4d7900&#8243;][\/vc_column][\/vc_row][vc_row][vc_column width=&#8221;1\/2&#8243;]<a href=\"http:\/\/www.facad.com\/wp\/images\/?lang=fi\" class=\"vcex-button theme-button clean align-left inline\" style=\"color:#4d7900;\"><span class=\"vcex-button-inner theme-button-inner\"><span class=\"vcex-button-icon vcex-icon-wrap theme-button-icon-left\"><span aria-hidden=\"true\" class=\"typcn typcn-arrow-left-thick\"><\/span><\/span>Edellinen<\/span><\/a> [\/vc_column][vc_column width=&#8221;1\/2&#8243;]<a href=\"http:\/\/www.facad.com\/wp\/tracing\/?lang=fi\" class=\"vcex-button theme-button clean align-right inline\" style=\"color:#4d7900;\"><span class=\"vcex-button-inner theme-button-inner\">Seuraava<span class=\"vcex-button-icon vcex-icon-wrap theme-button-icon-right\"><span aria-hidden=\"true\" class=\"typcn typcn-arrow-right-thick\"><\/span><\/span><\/span><\/a> [\/vc_column][\/vc_row]\n","protected":false},"excerpt":{"rendered":"<p>[vc_row visibility=&#8221;hidden-phone&#8221;][vc_column width=&#8221;1\/2&#8243;][\/vc_column][vc_column width=&#8221;1\/2&#8243;][\/vc_column][\/vc_row][vc_row][vc_column][vc_column_text] Liitett\u00e4v\u00e4t ohjelmat Facad on mukautettu ottamaan vastaan potilastietoja ja digitaalikuvia toisista ohjelmista kuten digitaalir\u00f6ntgenkuvantamis-, potilastietoj\u00e4rjestelm\u00e4- ja PACS-ohjelmista. Seuraava lista sis\u00e4lt\u00e4\u00e4 esimerkkej\u00e4 j\u00e4rjestelmist\u00e4 ja ohjelmista, joihin Facadilla on liit\u00e4nn\u00e4t jo olemassa:[\/vc_column_text][\/vc_column][\/vc_row][vc_row][vc_column width=&#8221;1\/2&#8243;][vc_column_text] CliniView DTX Clinic Soredex Scanora and Digora Planmeca Romexis and Dimaxis Sirona Sidexis OnePix and CDR Dicom (Schick) D\u00fcrr Vistasoft&hellip;<\/p>\n","protected":false},"author":2,"featured_media":0,"parent":0,"menu_order":0,"comment_status":"closed","ping_status":"closed","template":"","meta":{"footnotes":""},"class_list":["post-2214","page","type-page","status-publish","hentry","entry","no-media"],"_links":{"self":[{"href":"https:\/\/www.facad.com\/wp\/wp-json\/wp\/v2\/pages\/2214","targetHints":{"allow":["GET"]}}],"collection":[{"href":"https:\/\/www.facad.com\/wp\/wp-json\/wp\/v2\/pages"}],"about":[{"href":"https:\/\/www.facad.com\/wp\/wp-json\/wp\/v2\/types\/page"}],"author":[{"embeddable":true,"href":"https:\/\/www.facad.com\/wp\/wp-json\/wp\/v2\/users\/2"}],"replies":[{"embeddable":true,"href":"https:\/\/www.facad.com\/wp\/wp-json\/wp\/v2\/comments?post=2214"}],"version-history":[{"count":7,"href":"https:\/\/www.facad.com\/wp\/wp-json\/wp\/v2\/pages\/2214\/revisions"}],"predecessor-version":[{"id":6087,"href":"https:\/\/www.facad.com\/wp\/wp-json\/wp\/v2\/pages\/2214\/revisions\/6087"}],"wp:attachment":[{"href":"https:\/\/www.facad.com\/wp\/wp-json\/wp\/v2\/media?parent=2214"}],"curies":[{"name":"wp","href":"https:\/\/api.w.org\/{rel}","templated":true}]}}