{"id":2157,"date":"2018-03-01T13:54:21","date_gmt":"2018-03-01T13:54:21","guid":{"rendered":"http:\/\/www.facad.com\/wp\/?page_id=2157"},"modified":"2021-01-12T12:28:40","modified_gmt":"2021-01-12T12:28:40","slug":"how-to-movies","status":"publish","type":"page","link":"https:\/\/www.facad.com\/wp\/how-to-movies\/?lang=es","title":{"rendered":"How to &#8211; Movies"},"content":{"rendered":"[vc_row][vc_column][vc_column_text]\n<h1>C\u00f3mo trabajar con el programa Facad<\/h1>\n<p>V\u00eddeos explicativos subtitulados en ingl\u00e9s.<\/p>\n[\/vc_column_text][\/vc_column][\/vc_row][vc_row][vc_column]<style>.vcex-list_item.vcex_69f64a8a7c3ba .vcex-list-item-icon-inner{color:#4d7900;}<\/style><div class=\"vcex-list_item vcex-module wpex-m-0 wpex-max-w-100 wpex-mb-5 vcex_69f64a8a7c3ba\"><a  href=\"https:\/\/www.facad.com\/wp\/mov\/ImportJPG\/ImportJPG.html\" target=\"_blank\" rel=\"noopener noreferrer\" class=\"vcex-list-item-link wpex-no-underline\"><div class=\"vcex-list-item-inner wpex-inline-flex wpex-flex-no-wrap\"><div class=\"vcex-list-item-icon wpex-mr-10\"><div class=\"vcex-list-item-icon-inner vcex-icon-wrap wpex-inline-flex wpex-justify-center wpex-items-center wpex-leading-none wpex-child-inherit-color\"><span class=\"ticon ticon-film\" aria-hidden=\"true\"><\/span><\/div><\/div><div class=\"vcex-list-item-text vcex-content wpex-flex-grow\">Create a new patient and import an image file<\/div><\/div><\/a><\/div><style>.vcex-list_item.vcex_69f64a8a7cd96 .vcex-list-item-icon-inner{color:#4d7900;}<\/style><div class=\"vcex-list_item vcex-module wpex-m-0 wpex-max-w-100 wpex-mb-5 vcex_69f64a8a7cd96\"><a  href=\"https:\/\/www.facad.com\/wp\/mov\/ImportDicom\/ImportDicom.html\" target=\"_blank\" rel=\"noopener noreferrer\" class=\"vcex-list-item-link wpex-no-underline\"><div class=\"vcex-list-item-inner wpex-inline-flex wpex-flex-no-wrap\"><div class=\"vcex-list-item-icon wpex-mr-10\"><div class=\"vcex-list-item-icon-inner vcex-icon-wrap wpex-inline-flex wpex-justify-center wpex-items-center wpex-leading-none wpex-child-inherit-color\"><span class=\"ticon ticon-film\" aria-hidden=\"true\"><\/span><\/div><\/div><div class=\"vcex-list-item-text vcex-content wpex-flex-grow\">Create a new patient and import a DICOM image file<\/div><\/div><\/a><\/div><style>.vcex-list_item.vcex_69f64a8a7d32e .vcex-list-item-icon-inner{color:#4d7900;}<\/style><div class=\"vcex-list_item vcex-module wpex-m-0 wpex-max-w-100 wpex-mb-5 vcex_69f64a8a7d32e\"><a  href=\"https:\/\/www.facad.com\/wp\/mov\/NewTracing\/NewTracing.html\" target=\"_blank\" rel=\"noopener noreferrer\" class=\"vcex-list-item-link wpex-no-underline\"><div class=\"vcex-list-item-inner wpex-inline-flex wpex-flex-no-wrap\"><div class=\"vcex-list-item-icon wpex-mr-10\"><div class=\"vcex-list-item-icon-inner vcex-icon-wrap wpex-inline-flex wpex-justify-center wpex-items-center wpex-leading-none wpex-child-inherit-color\"><span class=\"ticon ticon-film\" aria-hidden=\"true\"><\/span><\/div><\/div><div class=\"vcex-list-item-text vcex-content wpex-flex-grow\">Create and open a new tracing<\/div><\/div><\/a><\/div><style>.vcex-list_item.vcex_69f64a8a7d874 .vcex-list-item-icon-inner{color:#4d7900;}<\/style><div class=\"vcex-list_item vcex-module wpex-m-0 wpex-max-w-100 wpex-mb-5 vcex_69f64a8a7d874\"><a  href=\"https:\/\/www.facad.com\/wp\/mov\/Calibration\/Calibration.html\" target=\"_blank\" rel=\"noopener noreferrer\" class=\"vcex-list-item-link wpex-no-underline\"><div class=\"vcex-list-item-inner wpex-inline-flex wpex-flex-no-wrap\"><div class=\"vcex-list-item-icon wpex-mr-10\"><div class=\"vcex-list-item-icon-inner vcex-icon-wrap wpex-inline-flex wpex-justify-center wpex-items-center wpex-leading-none wpex-child-inherit-color\"><span class=\"ticon ticon-film\" aria-hidden=\"true\"><\/span><\/div><\/div><div class=\"vcex-list-item-text vcex-content wpex-flex-grow\">Calibrate x-ray images<\/div><\/div><\/a><\/div><style>.vcex-list_item.vcex_69f64a8a7dd86 .vcex-list-item-icon-inner{color:#4d7900;}<\/style><div class=\"vcex-list_item vcex-module wpex-m-0 wpex-max-w-100 wpex-mb-5 vcex_69f64a8a7dd86\"><div class=\"vcex-list-item-inner wpex-inline-flex wpex-flex-no-wrap\"><div class=\"vcex-list-item-icon wpex-mr-10\"><div class=\"vcex-list-item-icon-inner vcex-icon-wrap wpex-inline-flex wpex-justify-center wpex-items-center wpex-leading-none wpex-child-inherit-color\"><span class=\"ticon ticon-film\" aria-hidden=\"true\"><\/span><\/div><\/div><div class=\"vcex-list-item-text vcex-content wpex-flex-grow\">More movies to come &#8230;<\/div><\/div><\/div>[\/vc_column][\/vc_row][vc_row][vc_column][vc_separator color=&#8221;custom&#8221; border_width=&#8221;2&#8243; accent_color=&#8221;#4d7900&#8243;][vc_column_text]\n<h5>V\u00eddeos explicativos de una versi\u00f3n anterior del programa<\/h5>\n<p>Los nuevos v\u00eddeos explicativos todav\u00eda no est\u00e1n disponibles. Actualmente, se pueden utilizar los de la versi\u00f3n 3.8, subtitulados en espa\u00f1ol, a\u00fan vigentes.<\/p>\n<p>&nbsp;<\/p>\n[\/vc_column_text]<style>.vcex-list_item.vcex_69f64a8a7e25e .vcex-list-item-icon-inner{color:#4d7900;}<\/style><div class=\"vcex-list_item vcex-module wpex-m-0 wpex-max-w-100 wpex-mb-5 vcex_69f64a8a7e25e\"><a  href=\"https:\/\/www.facad.com\/wp\/wp-content\/uploads\/2018\/05\/FacadPlaceMarkersWeb.mp4\" target=\"_blank\" rel=\"noopener noreferrer\" class=\"vcex-list-item-link wpex-no-underline\"><div class=\"vcex-list-item-inner wpex-inline-flex wpex-flex-no-wrap\"><div class=\"vcex-list-item-icon wpex-mr-10\"><div class=\"vcex-list-item-icon-inner vcex-icon-wrap wpex-inline-flex wpex-justify-center wpex-items-center wpex-leading-none wpex-child-inherit-color\"><span class=\"ticon ticon-film\" aria-hidden=\"true\"><\/span><\/div><\/div><div class=\"vcex-list-item-text vcex-content wpex-flex-grow\">Place markers (landmarks)<\/div><\/div><\/a><\/div><style>.vcex-list_item.vcex_69f64a8a7e72e .vcex-list-item-icon-inner{color:#4d7900;}<\/style><div class=\"vcex-list_item vcex-module wpex-m-0 wpex-max-w-100 wpex-mb-5 vcex_69f64a8a7e72e\"><a  href=\"https:\/\/www.facad.com\/wp\/wp-content\/uploads\/2018\/05\/HardTissue1-Web.mp4\" target=\"_blank\" rel=\"noopener noreferrer\" class=\"vcex-list-item-link wpex-no-underline\"><div class=\"vcex-list-item-inner wpex-inline-flex wpex-flex-no-wrap\"><div class=\"vcex-list-item-icon wpex-mr-10\"><div class=\"vcex-list-item-icon-inner vcex-icon-wrap wpex-inline-flex wpex-justify-center wpex-items-center wpex-leading-none wpex-child-inherit-color\"><span class=\"ticon ticon-film\" aria-hidden=\"true\"><\/span><\/div><\/div><div class=\"vcex-list-item-text vcex-content wpex-flex-grow\">Place\/Draw molars and Maxilla &#038; Mandible<\/div><\/div><\/a><\/div><style>.vcex-list_item.vcex_69f64a8a7ec99 .vcex-list-item-icon-inner{color:#4d7900;}<\/style><div class=\"vcex-list_item vcex-module wpex-m-0 wpex-max-w-100 wpex-mb-5 vcex_69f64a8a7ec99\"><a  href=\"https:\/\/www.facad.com\/wp\/wp-content\/uploads\/2018\/05\/HardTissue2-Web.mp4\" target=\"_blank\" rel=\"noopener noreferrer\" class=\"vcex-list-item-link wpex-no-underline\"><div class=\"vcex-list-item-inner wpex-inline-flex wpex-flex-no-wrap\"><div class=\"vcex-list-item-icon wpex-mr-10\"><div class=\"vcex-list-item-icon-inner vcex-icon-wrap wpex-inline-flex wpex-justify-center wpex-items-center wpex-leading-none wpex-child-inherit-color\"><span class=\"ticon ticon-film\" aria-hidden=\"true\"><\/span><\/div><\/div><div class=\"vcex-list-item-text vcex-content wpex-flex-grow\">Place\/Draw other hard tissue<\/div><\/div><\/a><\/div><style>.vcex-list_item.vcex_69f64a8a7f207 .vcex-list-item-icon-inner{color:#4d7900;}<\/style><div class=\"vcex-list_item vcex-module wpex-m-0 wpex-max-w-100 wpex-mb-5 vcex_69f64a8a7f207\"><a  href=\"https:\/\/www.facad.com\/wp\/wp-content\/uploads\/2018\/05\/Profile-Web.mp4\" target=\"_blank\" rel=\"noopener noreferrer\" class=\"vcex-list-item-link wpex-no-underline\"><div class=\"vcex-list-item-inner wpex-inline-flex wpex-flex-no-wrap\"><div class=\"vcex-list-item-icon wpex-mr-10\"><div class=\"vcex-list-item-icon-inner vcex-icon-wrap wpex-inline-flex wpex-justify-center wpex-items-center wpex-leading-none wpex-child-inherit-color\"><span class=\"ticon ticon-film\" aria-hidden=\"true\"><\/span><\/div><\/div><div class=\"vcex-list-item-text vcex-content wpex-flex-grow\">Create soft tissue profile line<\/div><\/div><\/a><\/div><style>.vcex-list_item.vcex_69f64a8a7f6cf .vcex-list-item-icon-inner{color:#4d7900;}<\/style><div class=\"vcex-list_item vcex-module wpex-m-0 wpex-max-w-100 wpex-mb-5 vcex_69f64a8a7f6cf\"><a  href=\"https:\/\/www.facad.com\/wp\/wp-content\/uploads\/2018\/05\/Attach_Match-Web.mp4\" target=\"_blank\" rel=\"noopener noreferrer\" class=\"vcex-list-item-link wpex-no-underline\"><div class=\"vcex-list-item-inner wpex-inline-flex wpex-flex-no-wrap\"><div class=\"vcex-list-item-icon wpex-mr-10\"><div class=\"vcex-list-item-icon-inner vcex-icon-wrap wpex-inline-flex wpex-justify-center wpex-items-center wpex-leading-none wpex-child-inherit-color\"><span class=\"ticon ticon-film\" aria-hidden=\"true\"><\/span><\/div><\/div><div class=\"vcex-list-item-text vcex-content wpex-flex-grow\">Working with a profile photo<\/div><\/div><\/a><\/div><style>.vcex-list_item.vcex_69f64a8a7fb7c .vcex-list-item-icon-inner{color:#4d7900;}<\/style><div class=\"vcex-list_item vcex-module wpex-m-0 wpex-max-w-100 wpex-mb-5 vcex_69f64a8a7fb7c\"><a  href=\"https:\/\/www.facad.com\/wp\/wp-content\/uploads\/2018\/05\/Superp-Web.mp4\" target=\"_blank\" rel=\"noopener noreferrer\" class=\"vcex-list-item-link wpex-no-underline\"><div class=\"vcex-list-item-inner wpex-inline-flex wpex-flex-no-wrap\"><div class=\"vcex-list-item-icon wpex-mr-10\"><div class=\"vcex-list-item-icon-inner vcex-icon-wrap wpex-inline-flex wpex-justify-center wpex-items-center wpex-leading-none wpex-child-inherit-color\"><span class=\"ticon ticon-film\" aria-hidden=\"true\"><\/span><\/div><\/div><div class=\"vcex-list-item-text vcex-content wpex-flex-grow\">Superimpose tracings and x-ray images<\/div><\/div><\/a><\/div><style>.vcex-list_item.vcex_69f64a8a80077 .vcex-list-item-icon-inner{color:#4d7900;}<\/style><div class=\"vcex-list_item vcex-module wpex-m-0 wpex-max-w-100 wpex-mb-5 vcex_69f64a8a80077\"><a  href=\"https:\/\/www.facad.com\/wp\/wp-content\/uploads\/2018\/05\/Planning-Web.mp4\" target=\"_blank\" rel=\"noopener noreferrer\" class=\"vcex-list-item-link wpex-no-underline\"><div class=\"vcex-list-item-inner wpex-inline-flex wpex-flex-no-wrap\"><div class=\"vcex-list-item-icon wpex-mr-10\"><div class=\"vcex-list-item-icon-inner vcex-icon-wrap wpex-inline-flex wpex-justify-center wpex-items-center wpex-leading-none wpex-child-inherit-color\"><span class=\"ticon ticon-film\" aria-hidden=\"true\"><\/span><\/div><\/div><div class=\"vcex-list-item-text vcex-content wpex-flex-grow\">Treatment planning<\/div><\/div><\/a><\/div>[\/vc_column][\/vc_row]\n","protected":false},"excerpt":{"rendered":"<p>[vc_row][vc_column][vc_column_text] C\u00f3mo trabajar con el programa Facad V\u00eddeos explicativos subtitulados en ingl\u00e9s. [\/vc_column_text][\/vc_column][\/vc_row][vc_row][vc_column][\/vc_column][\/vc_row][vc_row][vc_column][vc_separator color=&#8221;custom&#8221; border_width=&#8221;2&#8243; accent_color=&#8221;#4d7900&#8243;][vc_column_text] V\u00eddeos explicativos de una versi\u00f3n anterior del programa Los nuevos v\u00eddeos explicativos todav\u00eda no est\u00e1n disponibles. Actualmente, se pueden utilizar los de la versi\u00f3n 3.8, subtitulados en espa\u00f1ol, a\u00fan vigentes. &nbsp; [\/vc_column_text][\/vc_column][\/vc_row]<\/p>\n","protected":false},"author":1,"featured_media":0,"parent":0,"menu_order":0,"comment_status":"closed","ping_status":"closed","template":"","meta":{"footnotes":""},"class_list":["post-2157","page","type-page","status-publish","hentry","entry","no-media"],"_links":{"self":[{"href":"https:\/\/www.facad.com\/wp\/wp-json\/wp\/v2\/pages\/2157","targetHints":{"allow":["GET"]}}],"collection":[{"href":"https:\/\/www.facad.com\/wp\/wp-json\/wp\/v2\/pages"}],"about":[{"href":"https:\/\/www.facad.com\/wp\/wp-json\/wp\/v2\/types\/page"}],"author":[{"embeddable":true,"href":"https:\/\/www.facad.com\/wp\/wp-json\/wp\/v2\/users\/1"}],"replies":[{"embeddable":true,"href":"https:\/\/www.facad.com\/wp\/wp-json\/wp\/v2\/comments?post=2157"}],"version-history":[{"count":7,"href":"https:\/\/www.facad.com\/wp\/wp-json\/wp\/v2\/pages\/2157\/revisions"}],"predecessor-version":[{"id":5869,"href":"https:\/\/www.facad.com\/wp\/wp-json\/wp\/v2\/pages\/2157\/revisions\/5869"}],"wp:attachment":[{"href":"https:\/\/www.facad.com\/wp\/wp-json\/wp\/v2\/media?parent=2157"}],"curies":[{"name":"wp","href":"https:\/\/api.w.org\/{rel}","templated":true}]}}