{"id":1788,"date":"2018-03-01T13:54:21","date_gmt":"2018-03-01T13:54:21","guid":{"rendered":"http:\/\/www.facad.com\/wp\/?page_id=1788"},"modified":"2021-01-12T12:23:49","modified_gmt":"2021-01-12T12:23:49","slug":"how-to-movies","status":"publish","type":"page","link":"https:\/\/www.facad.com\/wp\/how-to-movies\/?lang=sv","title":{"rendered":"How to &#8211; Movies"},"content":{"rendered":"[vc_row][vc_column][vc_column_text]\n<h1>Hur man arbetar med Facad-programmet<\/h1>\n<p>Videofilmer med engelska undertexter.<\/p>\n[\/vc_column_text][\/vc_column][\/vc_row][vc_row][vc_column]<style>.vcex-list_item.vcex_69e8a1647fd9b .vcex-list-item-icon-inner{color:#4d7900;}<\/style><div class=\"vcex-list_item vcex-module wpex-m-0 wpex-max-w-100 wpex-mb-5 vcex_69e8a1647fd9b\"><a  href=\"https:\/\/www.facad.com\/wp\/mov\/ImportJPG\/ImportJPG.html\" target=\"_blank\" rel=\"noopener noreferrer\" class=\"vcex-list-item-link wpex-no-underline\"><div class=\"vcex-list-item-inner wpex-inline-flex wpex-flex-no-wrap\"><div class=\"vcex-list-item-icon wpex-mr-10\"><div class=\"vcex-list-item-icon-inner vcex-icon-wrap wpex-inline-flex wpex-justify-center wpex-items-center wpex-leading-none wpex-child-inherit-color\"><span class=\"ticon ticon-film\" aria-hidden=\"true\"><\/span><\/div><\/div><div class=\"vcex-list-item-text vcex-content wpex-flex-grow\">Create a new patient and import an image file<\/div><\/div><\/a><\/div><style>.vcex-list_item.vcex_69e8a164806d7 .vcex-list-item-icon-inner{color:#4d7900;}<\/style><div class=\"vcex-list_item vcex-module wpex-m-0 wpex-max-w-100 wpex-mb-5 vcex_69e8a164806d7\"><a  href=\"https:\/\/www.facad.com\/wp\/mov\/ImportDicom\/ImportDicom.html\" target=\"_blank\" rel=\"noopener noreferrer\" class=\"vcex-list-item-link wpex-no-underline\"><div class=\"vcex-list-item-inner wpex-inline-flex wpex-flex-no-wrap\"><div class=\"vcex-list-item-icon wpex-mr-10\"><div class=\"vcex-list-item-icon-inner vcex-icon-wrap wpex-inline-flex wpex-justify-center wpex-items-center wpex-leading-none wpex-child-inherit-color\"><span class=\"ticon ticon-film\" aria-hidden=\"true\"><\/span><\/div><\/div><div class=\"vcex-list-item-text vcex-content wpex-flex-grow\">Create a new patient and import a DICOM image file<\/div><\/div><\/a><\/div><style>.vcex-list_item.vcex_69e8a16480b44 .vcex-list-item-icon-inner{color:#4d7900;}<\/style><div class=\"vcex-list_item vcex-module wpex-m-0 wpex-max-w-100 wpex-mb-5 vcex_69e8a16480b44\"><a  href=\"https:\/\/www.facad.com\/wp\/mov\/NewTracing\/NewTracing.html\" target=\"_blank\" rel=\"noopener noreferrer\" class=\"vcex-list-item-link wpex-no-underline\"><div class=\"vcex-list-item-inner wpex-inline-flex wpex-flex-no-wrap\"><div class=\"vcex-list-item-icon wpex-mr-10\"><div class=\"vcex-list-item-icon-inner vcex-icon-wrap wpex-inline-flex wpex-justify-center wpex-items-center wpex-leading-none wpex-child-inherit-color\"><span class=\"ticon ticon-film\" aria-hidden=\"true\"><\/span><\/div><\/div><div class=\"vcex-list-item-text vcex-content wpex-flex-grow\">Create and open a new tracing<\/div><\/div><\/a><\/div><style>.vcex-list_item.vcex_69e8a16480f9e .vcex-list-item-icon-inner{color:#4d7900;}<\/style><div class=\"vcex-list_item vcex-module wpex-m-0 wpex-max-w-100 wpex-mb-5 vcex_69e8a16480f9e\"><a  href=\"https:\/\/www.facad.com\/wp\/mov\/Calibration\/Calibration.html\" target=\"_blank\" rel=\"noopener noreferrer\" class=\"vcex-list-item-link wpex-no-underline\"><div class=\"vcex-list-item-inner wpex-inline-flex wpex-flex-no-wrap\"><div class=\"vcex-list-item-icon wpex-mr-10\"><div class=\"vcex-list-item-icon-inner vcex-icon-wrap wpex-inline-flex wpex-justify-center wpex-items-center wpex-leading-none wpex-child-inherit-color\"><span class=\"ticon ticon-film\" aria-hidden=\"true\"><\/span><\/div><\/div><div class=\"vcex-list-item-text vcex-content wpex-flex-grow\">Calibrate x-ray images<\/div><\/div><\/a><\/div><style>.vcex-list_item.vcex_69e8a16481417 .vcex-list-item-icon-inner{color:#4d7900;}<\/style><div class=\"vcex-list_item vcex-module wpex-m-0 wpex-max-w-100 wpex-mb-5 vcex_69e8a16481417\"><div class=\"vcex-list-item-inner wpex-inline-flex wpex-flex-no-wrap\"><div class=\"vcex-list-item-icon wpex-mr-10\"><div class=\"vcex-list-item-icon-inner vcex-icon-wrap wpex-inline-flex wpex-justify-center wpex-items-center wpex-leading-none wpex-child-inherit-color\"><span class=\"ticon ticon-film\" aria-hidden=\"true\"><\/span><\/div><\/div><div class=\"vcex-list-item-text vcex-content wpex-flex-grow\">More movies to come &#8230;<\/div><\/div><\/div>[\/vc_column][\/vc_row][vc_row][vc_column][vc_separator color=&#8221;custom&#8221; border_width=&#8221;2&#8243; accent_color=&#8221;#4d7900&#8243;][vc_column_text]\n<h5>Videofilmer fr\u00e5n en tidigare programversion<\/h5>\n<p>I v\u00e4ntan p\u00e5 att de nya instruktionsfilmerna blir klara finns de \u00e4ldre videoklippen fr\u00e5n programversion 3.8 tillg\u00e4nliga nedan. De \u00e4r i m\u00e5nga delar fortfarande relevanta.<\/p>\n<p>&nbsp;<\/p>\n[\/vc_column_text]<style>.vcex-list_item.vcex_69e8a16481886 .vcex-list-item-icon-inner{color:#4d7900;}<\/style><div class=\"vcex-list_item vcex-module wpex-m-0 wpex-max-w-100 wpex-mb-5 vcex_69e8a16481886\"><a  href=\"https:\/\/www.facad.com\/wp\/wp-content\/uploads\/2018\/05\/FacadPlaceMarkersWeb.mp4\" target=\"_blank\" rel=\"noopener noreferrer\" class=\"vcex-list-item-link wpex-no-underline\"><div class=\"vcex-list-item-inner wpex-inline-flex wpex-flex-no-wrap\"><div class=\"vcex-list-item-icon wpex-mr-10\"><div class=\"vcex-list-item-icon-inner vcex-icon-wrap wpex-inline-flex wpex-justify-center wpex-items-center wpex-leading-none wpex-child-inherit-color\"><span class=\"ticon ticon-film\" aria-hidden=\"true\"><\/span><\/div><\/div><div class=\"vcex-list-item-text vcex-content wpex-flex-grow\">Place markers (landmarks)<\/div><\/div><\/a><\/div><style>.vcex-list_item.vcex_69e8a16481d02 .vcex-list-item-icon-inner{color:#4d7900;}<\/style><div class=\"vcex-list_item vcex-module wpex-m-0 wpex-max-w-100 wpex-mb-5 vcex_69e8a16481d02\"><a  href=\"https:\/\/www.facad.com\/wp\/wp-content\/uploads\/2018\/05\/HardTissue1-Web.mp4\" target=\"_blank\" rel=\"noopener noreferrer\" class=\"vcex-list-item-link wpex-no-underline\"><div class=\"vcex-list-item-inner wpex-inline-flex wpex-flex-no-wrap\"><div class=\"vcex-list-item-icon wpex-mr-10\"><div class=\"vcex-list-item-icon-inner vcex-icon-wrap wpex-inline-flex wpex-justify-center wpex-items-center wpex-leading-none wpex-child-inherit-color\"><span class=\"ticon ticon-film\" aria-hidden=\"true\"><\/span><\/div><\/div><div class=\"vcex-list-item-text vcex-content wpex-flex-grow\">Place\/Draw molars and Maxilla &#038; Mandible<\/div><\/div><\/a><\/div><style>.vcex-list_item.vcex_69e8a1648212f .vcex-list-item-icon-inner{color:#4d7900;}<\/style><div class=\"vcex-list_item vcex-module wpex-m-0 wpex-max-w-100 wpex-mb-5 vcex_69e8a1648212f\"><a  href=\"https:\/\/www.facad.com\/wp\/wp-content\/uploads\/2018\/05\/HardTissue2-Web.mp4\" target=\"_blank\" rel=\"noopener noreferrer\" class=\"vcex-list-item-link wpex-no-underline\"><div class=\"vcex-list-item-inner wpex-inline-flex wpex-flex-no-wrap\"><div class=\"vcex-list-item-icon wpex-mr-10\"><div class=\"vcex-list-item-icon-inner vcex-icon-wrap wpex-inline-flex wpex-justify-center wpex-items-center wpex-leading-none wpex-child-inherit-color\"><span class=\"ticon ticon-film\" aria-hidden=\"true\"><\/span><\/div><\/div><div class=\"vcex-list-item-text vcex-content wpex-flex-grow\">Place\/Draw other hard tissue<\/div><\/div><\/a><\/div><style>.vcex-list_item.vcex_69e8a164825b2 .vcex-list-item-icon-inner{color:#4d7900;}<\/style><div class=\"vcex-list_item vcex-module wpex-m-0 wpex-max-w-100 wpex-mb-5 vcex_69e8a164825b2\"><a  href=\"https:\/\/www.facad.com\/wp\/wp-content\/uploads\/2018\/05\/Profile-Web.mp4\" target=\"_blank\" rel=\"noopener noreferrer\" class=\"vcex-list-item-link wpex-no-underline\"><div class=\"vcex-list-item-inner wpex-inline-flex wpex-flex-no-wrap\"><div class=\"vcex-list-item-icon wpex-mr-10\"><div class=\"vcex-list-item-icon-inner vcex-icon-wrap wpex-inline-flex wpex-justify-center wpex-items-center wpex-leading-none wpex-child-inherit-color\"><span class=\"ticon ticon-film\" aria-hidden=\"true\"><\/span><\/div><\/div><div class=\"vcex-list-item-text vcex-content wpex-flex-grow\">Create soft tissue profile line<\/div><\/div><\/a><\/div><style>.vcex-list_item.vcex_69e8a16482a38 .vcex-list-item-icon-inner{color:#4d7900;}<\/style><div class=\"vcex-list_item vcex-module wpex-m-0 wpex-max-w-100 wpex-mb-5 vcex_69e8a16482a38\"><a  href=\"https:\/\/www.facad.com\/wp\/wp-content\/uploads\/2018\/05\/Attach_Match-Web.mp4\" target=\"_blank\" rel=\"noopener noreferrer\" class=\"vcex-list-item-link wpex-no-underline\"><div class=\"vcex-list-item-inner wpex-inline-flex wpex-flex-no-wrap\"><div class=\"vcex-list-item-icon wpex-mr-10\"><div class=\"vcex-list-item-icon-inner vcex-icon-wrap wpex-inline-flex wpex-justify-center wpex-items-center wpex-leading-none wpex-child-inherit-color\"><span class=\"ticon ticon-film\" aria-hidden=\"true\"><\/span><\/div><\/div><div class=\"vcex-list-item-text vcex-content wpex-flex-grow\">Working with a profile photo<\/div><\/div><\/a><\/div><style>.vcex-list_item.vcex_69e8a16482e60 .vcex-list-item-icon-inner{color:#4d7900;}<\/style><div class=\"vcex-list_item vcex-module wpex-m-0 wpex-max-w-100 wpex-mb-5 vcex_69e8a16482e60\"><a  href=\"https:\/\/www.facad.com\/wp\/wp-content\/uploads\/2018\/05\/Superp-Web.mp4\" target=\"_blank\" rel=\"noopener noreferrer\" class=\"vcex-list-item-link wpex-no-underline\"><div class=\"vcex-list-item-inner wpex-inline-flex wpex-flex-no-wrap\"><div class=\"vcex-list-item-icon wpex-mr-10\"><div class=\"vcex-list-item-icon-inner vcex-icon-wrap wpex-inline-flex wpex-justify-center wpex-items-center wpex-leading-none wpex-child-inherit-color\"><span class=\"ticon ticon-film\" aria-hidden=\"true\"><\/span><\/div><\/div><div class=\"vcex-list-item-text vcex-content wpex-flex-grow\">Superimpose tracings and x-ray images<\/div><\/div><\/a><\/div><style>.vcex-list_item.vcex_69e8a164832f1 .vcex-list-item-icon-inner{color:#4d7900;}<\/style><div class=\"vcex-list_item vcex-module wpex-m-0 wpex-max-w-100 wpex-mb-5 vcex_69e8a164832f1\"><a  href=\"https:\/\/www.facad.com\/wp\/wp-content\/uploads\/2018\/05\/Planning-Web.mp4\" target=\"_blank\" rel=\"noopener noreferrer\" class=\"vcex-list-item-link wpex-no-underline\"><div class=\"vcex-list-item-inner wpex-inline-flex wpex-flex-no-wrap\"><div class=\"vcex-list-item-icon wpex-mr-10\"><div class=\"vcex-list-item-icon-inner vcex-icon-wrap wpex-inline-flex wpex-justify-center wpex-items-center wpex-leading-none wpex-child-inherit-color\"><span class=\"ticon ticon-film\" aria-hidden=\"true\"><\/span><\/div><\/div><div class=\"vcex-list-item-text vcex-content wpex-flex-grow\">Treatment planning<\/div><\/div><\/a><\/div>[\/vc_column][\/vc_row]\n","protected":false},"excerpt":{"rendered":"<p>[vc_row][vc_column][vc_column_text] Hur man arbetar med Facad-programmet Videofilmer med engelska undertexter. [\/vc_column_text][\/vc_column][\/vc_row][vc_row][vc_column][\/vc_column][\/vc_row][vc_row][vc_column][vc_separator color=&#8221;custom&#8221; border_width=&#8221;2&#8243; accent_color=&#8221;#4d7900&#8243;][vc_column_text] Videofilmer fr\u00e5n en tidigare programversion I v\u00e4ntan p\u00e5 att de nya instruktionsfilmerna blir klara finns de \u00e4ldre videoklippen fr\u00e5n programversion 3.8 tillg\u00e4nliga nedan. De \u00e4r i m\u00e5nga delar fortfarande relevanta. &nbsp; [\/vc_column_text][\/vc_column][\/vc_row]<\/p>\n","protected":false},"author":1,"featured_media":0,"parent":0,"menu_order":0,"comment_status":"closed","ping_status":"closed","template":"","meta":{"footnotes":""},"class_list":["post-1788","page","type-page","status-publish","hentry","entry","no-media"],"_links":{"self":[{"href":"https:\/\/www.facad.com\/wp\/wp-json\/wp\/v2\/pages\/1788","targetHints":{"allow":["GET"]}}],"collection":[{"href":"https:\/\/www.facad.com\/wp\/wp-json\/wp\/v2\/pages"}],"about":[{"href":"https:\/\/www.facad.com\/wp\/wp-json\/wp\/v2\/types\/page"}],"author":[{"embeddable":true,"href":"https:\/\/www.facad.com\/wp\/wp-json\/wp\/v2\/users\/1"}],"replies":[{"embeddable":true,"href":"https:\/\/www.facad.com\/wp\/wp-json\/wp\/v2\/comments?post=1788"}],"version-history":[{"count":14,"href":"https:\/\/www.facad.com\/wp\/wp-json\/wp\/v2\/pages\/1788\/revisions"}],"predecessor-version":[{"id":5862,"href":"https:\/\/www.facad.com\/wp\/wp-json\/wp\/v2\/pages\/1788\/revisions\/5862"}],"wp:attachment":[{"href":"https:\/\/www.facad.com\/wp\/wp-json\/wp\/v2\/media?parent=1788"}],"curies":[{"name":"wp","href":"https:\/\/api.w.org\/{rel}","templated":true}]}}