{"id":1767,"date":"2018-05-16T08:52:22","date_gmt":"2018-05-16T08:52:22","guid":{"rendered":"http:\/\/www.facad.com\/wp\/?page_id=1767"},"modified":"2023-01-31T13:16:57","modified_gmt":"2023-01-31T13:16:57","slug":"downloads2","status":"publish","type":"page","link":"https:\/\/www.facad.com\/wp\/downloads2\/?lang=sv","title":{"rendered":"Nedladdningar"},"content":{"rendered":"[vc_row][vc_column][vc_column_text]\n<h1>Nedladdningar<\/h1>\n[\/vc_column_text][\/vc_column][\/vc_row][vc_row][vc_column][vc_toggle title=&#8221;Ladda hem tracingprogrammet&#8221; style=&#8221;round&#8221; color=&#8221;chino&#8221; size=&#8221;sm&#8221;]Genom att fylla i ett <a href=\"https:\/\/facad.wufoo.eu\/forms\/facad-download-and-price-request\/\" target=\"_blank\" rel=\"noopener noreferrer\">kontaktformul\u00e4r<\/a>, f\u00e5r du epost med instruktioner hur du hittar till v\u00e5r nedladdningssida.<\/p>\n<p>N\u00e4r du laddar ned och installerar Facad-programmet f\u00f6r f\u00f6rsta g\u00e5ngen f\u00e5r du automatiskt en 30 dagars testperiod.[\/vc_toggle][vc_toggle title=&#8221;Anv\u00e4ndarhandledningar&#8221; style=&#8221;round&#8221; color=&#8221;chino&#8221; size=&#8221;sm&#8221;]Anv\u00e4ndarhandledningar hittar du som PDF-dokument inne i programmet, under <strong>Hj\u00e4lp<\/strong>-menyn.[\/vc_toggle][vc_toggle title=&#8221;Handledningar f\u00f6r plugin-inst\u00e4llningar&#8221; style=&#8221;round&#8221; color=&#8221;chino&#8221; size=&#8221;sm&#8221;]Manualer f\u00f6r inst\u00e4llning av plugin-program som fungerar ihop med Facad, finns som PDF-dokument under <strong>Hj\u00e4lp<\/strong>-menyn.[\/vc_toggle][vc_toggle title=&#8221;Installationsinstruktioner&#8221; style=&#8221;round&#8221; color=&#8221;chino&#8221; size=&#8221;sm&#8221;]<a href=\"http:\/\/www.facad.com\/wp\/wp-content\/uploads\/2020\/12\/FacadInstallationsinstruktioner_SE.pdf\" target=\"_blank\" rel=\"noopener noreferrer\">Installationsinstruktioner f\u00f6r Facad<\/a> (inneh\u00e5ller \u00e4ven <em>Tekniska krav och rekommendationer <\/em>samt<em> Fels\u00f6kning<\/em>)[\/vc_toggle][vc_toggle title=&#8221;GDPR-information&#8221; style=&#8221;round&#8221; color=&#8221;chino&#8221; size=&#8221;sm&#8221;]Facad blir anpassad till GDPR (General Data Protection Regulation) genom att kryptera patientdata fr.o.m. version 3.11.<\/p>\n<ul>\n<li><a href=\"http:\/\/www.facad.com\/wp\/wp-content\/uploads\/2018\/04\/GDPR_FacadAction_ENG.pdf\" target=\"_blank\" rel=\"noopener noreferrer\">GDPR adaptation in English<\/a><\/li>\n<li><a href=\"http:\/\/www.facad.com\/wp\/wp-content\/uploads\/2018\/04\/GDPR_FacadAktiviteter_SE.pdf\" target=\"_blank\" rel=\"noopener noreferrer\">GDPR-anpassning p\u00e5 svenska<\/a><\/li>\n<\/ul>\n[\/vc_toggle][vc_toggle title=&#8221;Styrdokument&#8221; style=&#8221;round&#8221; color=&#8221;chino&#8221; size=&#8221;sm&#8221;]\n<ul>\n<li><a href=\"https:\/\/www.facad.com\/wp\/wp-content\/uploads\/2019\/12\/certifikat_13485_sv-eng_2019-12-04_web.pdf\" target=\"_blank\" rel=\"noopener noreferrer\">Certifikat f\u00f6r ISO 13485<\/a><\/li>\n<li><a href=\"http:\/\/www.facad.com\/wp\/wp-content\/uploads\/2018\/04\/DoC_Facad_3.10.pdf\" target=\"_blank\" rel=\"noopener noreferrer\">CE Declaration of conformity (DoC), version 3.10<\/a><\/li>\n<li><a href=\"http:\/\/www.facad.com\/wp\/wp-content\/uploads\/2018\/09\/DoC_Facad_3.11.pdf\" target=\"_blank\" rel=\"noopener noreferrer\">CE Declaration of conformity (DoC), version 3.11<\/a><\/li>\n<li><a href=\"https:\/\/www.facad.com\/wp\/wp-content\/uploads\/2020\/12\/DoC_Facad_3.12.pdf\" target=\"_blank\" rel=\"noopener noreferrer\">CE Declaration of conformity (DoC), version 3.12<\/a><\/li>\n<\/ul>\n[\/vc_toggle][vc_toggle title=&#8221;DICOM&#8221; style=&#8221;round&#8221; color=&#8221;chino&#8221; size=&#8221;sm&#8221;]<a href=\"http:\/\/www.facad.com\/wp\/wp-content\/uploads\/2018\/04\/Facad-DICOM-Conformance-Statement.pdf\" target=\"_blank\" rel=\"noopener noreferrer\">DICOM Conformance Statement<\/a>[\/vc_toggle][\/vc_column][\/vc_row]\n","protected":false},"excerpt":{"rendered":"<p>[vc_row][vc_column][vc_column_text] Nedladdningar [\/vc_column_text][\/vc_column][\/vc_row][vc_row][vc_column][vc_toggle title=&#8221;Ladda hem tracingprogrammet&#8221; style=&#8221;round&#8221; color=&#8221;chino&#8221; size=&#8221;sm&#8221;]Genom att fylla i ett kontaktformul\u00e4r, f\u00e5r du epost med instruktioner hur du hittar till v\u00e5r nedladdningssida. N\u00e4r du laddar ned och installerar Facad-programmet f\u00f6r f\u00f6rsta g\u00e5ngen f\u00e5r du automatiskt en 30 dagars testperiod.[\/vc_toggle][vc_toggle title=&#8221;Anv\u00e4ndarhandledningar&#8221; style=&#8221;round&#8221; color=&#8221;chino&#8221; size=&#8221;sm&#8221;]Anv\u00e4ndarhandledningar hittar du som PDF-dokument inne i programmet, under Hj\u00e4lp-menyn.[\/vc_toggle][vc_toggle&hellip;<\/p>\n","protected":false},"author":2,"featured_media":0,"parent":0,"menu_order":0,"comment_status":"closed","ping_status":"closed","template":"","meta":{"footnotes":""},"class_list":["post-1767","page","type-page","status-publish","hentry","entry","no-media"],"_links":{"self":[{"href":"https:\/\/www.facad.com\/wp\/wp-json\/wp\/v2\/pages\/1767","targetHints":{"allow":["GET"]}}],"collection":[{"href":"https:\/\/www.facad.com\/wp\/wp-json\/wp\/v2\/pages"}],"about":[{"href":"https:\/\/www.facad.com\/wp\/wp-json\/wp\/v2\/types\/page"}],"author":[{"embeddable":true,"href":"https:\/\/www.facad.com\/wp\/wp-json\/wp\/v2\/users\/2"}],"replies":[{"embeddable":true,"href":"https:\/\/www.facad.com\/wp\/wp-json\/wp\/v2\/comments?post=1767"}],"version-history":[{"count":16,"href":"https:\/\/www.facad.com\/wp\/wp-json\/wp\/v2\/pages\/1767\/revisions"}],"predecessor-version":[{"id":6111,"href":"https:\/\/www.facad.com\/wp\/wp-json\/wp\/v2\/pages\/1767\/revisions\/6111"}],"wp:attachment":[{"href":"https:\/\/www.facad.com\/wp\/wp-json\/wp\/v2\/media?parent=1767"}],"curies":[{"name":"wp","href":"https:\/\/api.w.org\/{rel}","templated":true}]}}