{"id":1748,"date":"2018-03-01T13:09:31","date_gmt":"2018-03-01T13:09:31","guid":{"rendered":"http:\/\/www.facad.com\/wp\/model-analyses\/"},"modified":"2019-01-22T16:01:56","modified_gmt":"2019-01-22T16:01:56","slug":"model-analyses","status":"publish","type":"page","link":"https:\/\/www.facad.com\/wp\/model-analyses\/?lang=sv","title":{"rendered":"Modellanalyser"},"content":{"rendered":"[vc_row visibility=&#8221;hidden-phone&#8221;][vc_column width=&#8221;1\/2&#8243;]<a href=\"http:\/\/www.facad.com\/wp\/digitizing\/?lang=sv\" class=\"vcex-button theme-button clean align-left inline\" style=\"color:#4d7900;\"><span class=\"vcex-button-inner theme-button-inner\"><span class=\"vcex-button-icon vcex-icon-wrap theme-button-icon-left\"><span aria-hidden=\"true\" class=\"typcn typcn-arrow-left-thick\"><\/span><\/span>F\u00f6reg\u00e5ende<\/span><\/a> [\/vc_column][vc_column width=&#8221;1\/2&#8243;][\/vc_column][\/vc_row][vc_row][vc_column width=&#8221;1\/3&#8243;][vc_column_text]\n<h1><strong>Studiemodeller \u2013 Modellanalyser<\/strong><\/h1>\n<p>Det finns en handfull f\u00f6rdefinierade modellanalyser i Facad, bl.a. <em>Arch form, Bolton, Morrees <\/em>och <em>Schwarz-Korkhaus<\/em>.<\/p>\n<p>&nbsp;[\/vc_column_text]<figure class=\"vcex-image vcex-module\"><div class=\"vcex-image-inner wpex-relative wpex-inline-block\"><img width=\"318\" height=\"115\" src=\"https:\/\/www.facad.com\/wp\/wp-content\/uploads\/2018\/04\/bolton-an.gif\" class=\"vcex-image-img wpex-align-middle\" alt=\"\" loading=\"lazy\" decoding=\"async\" \/><\/div><\/figure><div class=\"vcex-spacing wpex-w-100 wpex-clear\"><\/div><figure class=\"vcex-image vcex-module\"><div class=\"vcex-image-inner wpex-relative wpex-inline-block\"><img width=\"180\" height=\"336\" src=\"https:\/\/www.facad.com\/wp\/wp-content\/uploads\/2018\/04\/schwartz-k-an.gif\" class=\"vcex-image-img wpex-align-middle\" alt=\"\" loading=\"lazy\" decoding=\"async\" \/><\/div><\/figure>[\/vc_column][vc_column width=&#8221;1\/3&#8243;]<figure class=\"vcex-image vcex-module\"><div class=\"vcex-image-inner wpex-relative wpex-inline-block\"><img width=\"561\" height=\"903\" src=\"https:\/\/www.facad.com\/wp\/wp-content\/uploads\/2018\/04\/moorrees.jpg\" class=\"vcex-image-img wpex-align-middle\" alt=\"\" loading=\"lazy\" decoding=\"async\" srcset=\"https:\/\/www.facad.com\/wp\/wp-content\/uploads\/2018\/04\/moorrees.jpg 561w, https:\/\/www.facad.com\/wp\/wp-content\/uploads\/2018\/04\/moorrees-186x300.jpg 186w\" sizes=\"auto, (max-width: 561px) 100vw, 561px\" \/><\/div><\/figure>[\/vc_column][vc_column width=&#8221;1\/3&#8243;]<figure class=\"vcex-image vcex-module\"><div class=\"vcex-image-inner wpex-relative wpex-inline-block\"><img width=\"561\" height=\"903\" src=\"https:\/\/www.facad.com\/wp\/wp-content\/uploads\/2018\/04\/schwartz-k.jpg\" class=\"vcex-image-img wpex-align-middle\" alt=\"\" loading=\"lazy\" decoding=\"async\" srcset=\"https:\/\/www.facad.com\/wp\/wp-content\/uploads\/2018\/04\/schwartz-k.jpg 561w, https:\/\/www.facad.com\/wp\/wp-content\/uploads\/2018\/04\/schwartz-k-186x300.jpg 186w\" sizes=\"auto, (max-width: 561px) 100vw, 561px\" \/><\/div><\/figure>[\/vc_column][\/vc_row][vc_row][vc_column][vc_separator color=&#8221;custom&#8221; border_width=&#8221;2&#8243; accent_color=&#8221;#4d7900&#8243;][\/vc_column][\/vc_row][vc_row][vc_column width=&#8221;2\/3&#8243;][vc_column_text]Du kan ocks\u00e5 traca t\u00e4nder i occlusal vy p\u00e5 en studiemodell f\u00f6r att simulera f\u00f6rflyttning av t\u00e4nder vid din planering.[\/vc_column_text][\/vc_column][vc_column width=&#8221;1\/3&#8243;]<figure class=\"vcex-image vcex-module textcenter\"><div class=\"vcex-image-inner wpex-relative wpex-inline-block\"><img width=\"746\" height=\"583\" src=\"https:\/\/www.facad.com\/wp\/wp-content\/uploads\/2018\/04\/castplan.jpg\" class=\"vcex-image-img wpex-align-middle\" alt=\"\" loading=\"lazy\" decoding=\"async\" srcset=\"https:\/\/www.facad.com\/wp\/wp-content\/uploads\/2018\/04\/castplan.jpg 746w, https:\/\/www.facad.com\/wp\/wp-content\/uploads\/2018\/04\/castplan-300x234.jpg 300w\" sizes=\"auto, (max-width: 746px) 100vw, 746px\" \/><\/div><\/figure>[\/vc_column][\/vc_row][vc_row][vc_column][vc_separator color=&#8221;custom&#8221; border_width=&#8221;2&#8243; accent_color=&#8221;#4d7900&#8243;][\/vc_column][\/vc_row][vc_row][vc_column width=&#8221;1\/2&#8243;]<a href=\"http:\/\/www.facad.com\/wp\/digitizing\/?lang=sv\" class=\"vcex-button theme-button clean align-left inline\" style=\"color:#4d7900;\"><span class=\"vcex-button-inner theme-button-inner\"><span class=\"vcex-button-icon vcex-icon-wrap theme-button-icon-left\"><span aria-hidden=\"true\" class=\"typcn typcn-arrow-left-thick\"><\/span><\/span>F\u00f6reg\u00e5ende<\/span><\/a> [\/vc_column][vc_column width=&#8221;1\/2&#8243;][\/vc_column][\/vc_row]\n","protected":false},"excerpt":{"rendered":"<p>[vc_row visibility=&#8221;hidden-phone&#8221;][vc_column width=&#8221;1\/2&#8243;][\/vc_column][vc_column width=&#8221;1\/2&#8243;][\/vc_column][\/vc_row][vc_row][vc_column width=&#8221;1\/3&#8243;][vc_column_text] Studiemodeller \u2013 Modellanalyser Det finns en handfull f\u00f6rdefinierade modellanalyser i Facad, bl.a. Arch form, Bolton, Morrees och Schwarz-Korkhaus. &nbsp;[\/vc_column_text][\/vc_column][vc_column width=&#8221;1\/3&#8243;][\/vc_column][vc_column width=&#8221;1\/3&#8243;][\/vc_column][\/vc_row][vc_row][vc_column][vc_separator color=&#8221;custom&#8221; border_width=&#8221;2&#8243; accent_color=&#8221;#4d7900&#8243;][\/vc_column][\/vc_row][vc_row][vc_column width=&#8221;2\/3&#8243;][vc_column_text]Du kan ocks\u00e5 traca t\u00e4nder i occlusal vy p\u00e5 en studiemodell f\u00f6r att simulera f\u00f6rflyttning av t\u00e4nder vid din planering.[\/vc_column_text][\/vc_column][vc_column width=&#8221;1\/3&#8243;][\/vc_column][\/vc_row][vc_row][vc_column][vc_separator color=&#8221;custom&#8221; border_width=&#8221;2&#8243; accent_color=&#8221;#4d7900&#8243;][\/vc_column][\/vc_row][vc_row][vc_column width=&#8221;1\/2&#8243;][\/vc_column][vc_column width=&#8221;1\/2&#8243;][\/vc_column][\/vc_row]<\/p>\n","protected":false},"author":1,"featured_media":0,"parent":0,"menu_order":0,"comment_status":"closed","ping_status":"closed","template":"","meta":{"footnotes":""},"class_list":["post-1748","page","type-page","status-publish","hentry","entry","no-media"],"_links":{"self":[{"href":"https:\/\/www.facad.com\/wp\/wp-json\/wp\/v2\/pages\/1748","targetHints":{"allow":["GET"]}}],"collection":[{"href":"https:\/\/www.facad.com\/wp\/wp-json\/wp\/v2\/pages"}],"about":[{"href":"https:\/\/www.facad.com\/wp\/wp-json\/wp\/v2\/types\/page"}],"author":[{"embeddable":true,"href":"https:\/\/www.facad.com\/wp\/wp-json\/wp\/v2\/users\/1"}],"replies":[{"embeddable":true,"href":"https:\/\/www.facad.com\/wp\/wp-json\/wp\/v2\/comments?post=1748"}],"version-history":[{"count":6,"href":"https:\/\/www.facad.com\/wp\/wp-json\/wp\/v2\/pages\/1748\/revisions"}],"predecessor-version":[{"id":3110,"href":"https:\/\/www.facad.com\/wp\/wp-json\/wp\/v2\/pages\/1748\/revisions\/3110"}],"wp:attachment":[{"href":"https:\/\/www.facad.com\/wp\/wp-json\/wp\/v2\/media?parent=1748"}],"curies":[{"name":"wp","href":"https:\/\/api.w.org\/{rel}","templated":true}]}}